{"id":8356,"date":"2026-04-21T12:13:24","date_gmt":"2026-04-21T10:13:24","guid":{"rendered":"https:\/\/www.blarock.no\/?page_id=8356"},"modified":"2026-04-21T13:18:47","modified_gmt":"2026-04-21T11:18:47","slug":"the-dahlmanns","status":"publish","type":"page","link":"https:\/\/www.blarock.no\/en\/utforr\/the-dahlmanns\/","title":{"rendered":"The Dahlmanns"},"content":{"rendered":"<div data-elementor-type=\"wp-page\" data-elementor-id=\"8356\" class=\"elementor elementor-8356\" data-elementor-post-type=\"page\">\n\t\t\t\t\t\t\t\t\t<section class=\"elementor-section elementor-top-section elementor-element elementor-element-a6bee73 elementor-section-height-full animated-fast elementor-section-boxed elementor-section-height-default elementor-section-items-middle elementor-invisible\" data-id=\"a6bee73\" data-element_type=\"section\" data-settings=\"{&quot;background_background&quot;:&quot;classic&quot;,&quot;animation&quot;:&quot;fadeIn&quot;,&quot;animation_mobile&quot;:&quot;none&quot;,&quot;background_motion_fx_motion_fx_scrolling&quot;:&quot;yes&quot;,&quot;background_motion_fx_translateY_effect&quot;:&quot;yes&quot;,&quot;background_motion_fx_translateY_speed&quot;:{&quot;unit&quot;:&quot;px&quot;,&quot;size&quot;:4,&quot;sizes&quot;:[]},&quot;background_motion_fx_translateY_affectedRange&quot;:{&quot;unit&quot;:&quot;%&quot;,&quot;size&quot;:&quot;&quot;,&quot;sizes&quot;:{&quot;start&quot;:0,&quot;end&quot;:100}},&quot;background_motion_fx_devices&quot;:[&quot;desktop&quot;,&quot;tablet&quot;,&quot;mobile&quot;]}\">\n\t\t\t\t\t\t\t<div class=\"elementor-background-overlay\"><\/div>\n\t\t\t\t\t\t\t<div class=\"elementor-container elementor-column-gap-default\">\n\t\t\t\t\t<div class=\"elementor-column elementor-col-100 elementor-top-column elementor-element elementor-element-702b868\" data-id=\"702b868\" data-element_type=\"column\">\n\t\t\t<div class=\"elementor-widget-wrap elementor-element-populated\">\n\t\t\t\t\t\t\t\t<div class=\"elementor-element elementor-element-5a03bf1 elementor-widget elementor-widget-spacer\" data-id=\"5a03bf1\" data-element_type=\"widget\" data-widget_type=\"spacer.default\">\n\t\t\t\t<div class=\"elementor-widget-container\">\n\t\t\t\t\t<div class=\"elementor-spacer\">\n\t\t\t<div class=\"elementor-spacer-inner\"><\/div>\n\t\t<\/div>\n\t\t\t\t<\/div>\n\t\t\t\t<\/div>\n\t\t\t\t<div class=\"elementor-element elementor-element-57a03fb elementor-widget elementor-widget-image\" data-id=\"57a03fb\" data-element_type=\"widget\" data-widget_type=\"image.default\">\n\t\t\t\t<div class=\"elementor-widget-container\">\n\t\t\t\t\t\t\t\t\t\t\t\t\t\t\t<img decoding=\"async\" width=\"500\" height=\"250\" src=\"https:\/\/www.blarock.no\/wp-content\/uploads\/2026\/03\/UBR26-2.png\" class=\"attachment-medium_large size-medium_large wp-image-8222\" alt=\"\" \/>\t\t\t\t\t\t\t\t\t\t\t\t\t\t\t<\/div>\n\t\t\t\t<\/div>\n\t\t\t\t<div class=\"elementor-element elementor-element-bc25938 elementor-widget elementor-widget-text-editor\" data-id=\"bc25938\" data-element_type=\"widget\" data-widget_type=\"text-editor.default\">\n\t\t\t\t<div class=\"elementor-widget-container\">\n\t\t\t\t\t\t\t<p>THE DAHLMANNS<\/p>\t\t\t\t\t\t<\/div>\n\t\t\t\t<\/div>\n\t\t\t\t<div class=\"elementor-element elementor-element-e8d6b50 elementor-widget elementor-widget-text-editor\" data-id=\"e8d6b50\" data-element_type=\"widget\" data-widget_type=\"text-editor.default\">\n\t\t\t\t<div class=\"elementor-widget-container\">\n\t\t\t\t\t\t\t<p><b>L\u00d8RDAG <\/b>22. AUGUST | &#8211;:&#8211;<\/p>\t\t\t\t\t\t<\/div>\n\t\t\t\t<\/div>\n\t\t\t\t<div class=\"elementor-element elementor-element-98ce60c elementor-widget__width-initial elementor-widget elementor-widget-spacer\" data-id=\"98ce60c\" data-element_type=\"widget\" data-widget_type=\"spacer.default\">\n\t\t\t\t<div class=\"elementor-widget-container\">\n\t\t\t\t\t<div class=\"elementor-spacer\">\n\t\t\t<div class=\"elementor-spacer-inner\"><\/div>\n\t\t<\/div>\n\t\t\t\t<\/div>\n\t\t\t\t<\/div>\n\t\t\t\t\t<\/div>\n\t\t<\/div>\n\t\t\t\t\t\t\t<\/div>\n\t\t<\/section>\n\t\t\t\t<section class=\"elementor-section elementor-top-section elementor-element elementor-element-6755423 elementor-section-boxed elementor-section-height-default elementor-section-height-default\" data-id=\"6755423\" data-element_type=\"section\">\n\t\t\t\t\t\t<div class=\"elementor-container elementor-column-gap-default\">\n\t\t\t\t\t<div class=\"elementor-column elementor-col-100 elementor-top-column elementor-element elementor-element-f5818ac\" data-id=\"f5818ac\" data-element_type=\"column\">\n\t\t\t<div class=\"elementor-widget-wrap elementor-element-populated\">\n\t\t\t\t\t\t\t\t<div class=\"elementor-element elementor-element-0202334 elementor-widget elementor-widget-spacer\" data-id=\"0202334\" data-element_type=\"widget\" data-widget_type=\"spacer.default\">\n\t\t\t\t<div class=\"elementor-widget-container\">\n\t\t\t\t\t<div class=\"elementor-spacer\">\n\t\t\t<div class=\"elementor-spacer-inner\"><\/div>\n\t\t<\/div>\n\t\t\t\t<\/div>\n\t\t\t\t<\/div>\n\t\t\t\t<div class=\"elementor-element elementor-element-3e740da elementor-author-box--layout-image-left elementor-author-box--align-left elementor-hidden-desktop elementor-hidden-tablet elementor-hidden-mobile elementor-widget elementor-widget-author-box\" data-id=\"3e740da\" data-element_type=\"widget\" data-widget_type=\"author-box.default\">\n\t\t\t\t<div class=\"elementor-widget-container\">\n\t\t\t\t\t<div class=\"elementor-author-box\">\n\t\t\t\t\t\t\t<div  class=\"elementor-author-box__avatar\">\n\t\t\t\t\t<img decoding=\"async\" src=\"https:\/\/www.blarock.no\/wp-content\/uploads\/2026\/03\/Utforr.bla_.26.final_.pdf-2000-x-2000-px-1.jpg\" alt=\"- - \" loading=\"lazy\">\n\t\t\t\t<\/div>\n\t\t\t\n\t\t\t<div class=\"elementor-author-box__text\">\n\t\t\t\t\t\t\t\t\t<div >\n\t\t\t\t\t\t<h4 class=\"elementor-author-box__name\">\n\t\t\t\t\t\t\t- - \t\t\t\t\t\t<\/h4>\n\t\t\t\t\t<\/div>\n\t\t\t\t\n\t\t\t\t\t\t\t\t\t<div class=\"elementor-author-box__bio\">\n\t\t\t\t\t\t<p>- --<\/p>\n\t\t\t\t\t<\/div>\n\t\t\t\t\n\t\t\t\t\t\t\t<\/div>\n\t\t<\/div>\n\t\t\t\t<\/div>\n\t\t\t\t<\/div>\n\t\t\t\t<div class=\"elementor-element elementor-element-21d2aa4 elementor-widget elementor-widget-heading\" data-id=\"21d2aa4\" data-element_type=\"widget\" data-widget_type=\"heading.default\">\n\t\t\t\t<div class=\"elementor-widget-container\">\n\t\t\t<h2 class=\"elementor-heading-title elementor-size-default\">The Dahlmanns<\/h2>\t\t<\/div>\n\t\t\t\t<\/div>\n\t\t\t\t<div class=\"elementor-element elementor-element-c01ab7c elementor-widget elementor-widget-text-editor\" data-id=\"c01ab7c\" data-element_type=\"widget\" data-widget_type=\"text-editor.default\">\n\t\t\t\t<div class=\"elementor-widget-container\">\n\t\t\t\t\t\t\t<p>The Dahlmanns ble startet i 2010 av ekteparet Andre og Line Dahlmann fra Moss. Siden den gang har bandet gitt ut en rekke plater p\u00e5 plateselskap verden over, og har turnert Europa og USA p\u00e5 kryss og tvers.<\/p><p>Musikken deres har dukket opp i flere filmer og TV-serier. Her hjemme var de med i en episode av \u00abLilyhammer\u00bb og i \u00abDen store klassefesten\u00bb p\u00e5 NRK. Little Steven Van Zandt har omtalt The Dahlmanns som \u00abThe Bosses from Moss\u00bb, og hele \u00e5tte av l\u00e5tene deres har v\u00e6rt k\u00e5ret til ukens kuleste l\u00e5t p\u00e5 Little Stevens Underground Garage p\u00e5 Sirius Radio. The Dahlmanns har samarbeidet med tungvektere som Andy Shernoff (The Dictators), Chips Kiesbye (Sator), Francis McDonald (Teenage Fanclub) og Amy Rigby, og sist med Anders M\u00f8ller.<\/p>\t\t\t\t\t\t<\/div>\n\t\t\t\t<\/div>\n\t\t\t\t<div class=\"elementor-element elementor-element-6dbccc5 elementor-widget elementor-widget-wp-widget-custom_html\" data-id=\"6dbccc5\" data-element_type=\"widget\" data-widget_type=\"wp-widget-custom_html.default\">\n\t\t\t\t<div class=\"elementor-widget-container\">\n\t\t\t<div class=\"textwidget custom-html-widget\"><\/div>\t\t<\/div>\n\t\t\t\t<\/div>\n\t\t\t\t<section class=\"elementor-section elementor-inner-section elementor-element elementor-element-0f82634 elementor-section-boxed elementor-section-height-default elementor-section-height-default\" data-id=\"0f82634\" data-element_type=\"section\">\n\t\t\t\t\t\t<div class=\"elementor-container elementor-column-gap-default\">\n\t\t\t\t\t<div class=\"elementor-column elementor-col-50 elementor-inner-column elementor-element elementor-element-8bf83de\" data-id=\"8bf83de\" data-element_type=\"column\">\n\t\t\t<div class=\"elementor-widget-wrap elementor-element-populated\">\n\t\t\t\t\t\t\t\t<div class=\"elementor-element elementor-element-bbaa948 elementor-align-justify elementor-widget elementor-widget-button\" data-id=\"bbaa948\" data-element_type=\"widget\" data-widget_type=\"button.default\">\n\t\t\t\t<div class=\"elementor-widget-container\">\n\t\t\t\t\t<div class=\"elementor-button-wrapper\">\n\t\t\t<a class=\"elementor-button elementor-button-link elementor-size-sm\" href=\"https:\/\/blarock.antitickets.com\/event\/utfoerr-blaarock-2026\" target=\"_blank\">\n\t\t\t\t\t\t<span class=\"elementor-button-content-wrapper\">\n\t\t\t\t\t\t<span class=\"elementor-button-text\">Skaff billetter<\/span>\n\t\t<\/span>\n\t\t\t\t\t<\/a>\n\t\t<\/div>\n\t\t\t\t<\/div>\n\t\t\t\t<\/div>\n\t\t\t\t\t<\/div>\n\t\t<\/div>\n\t\t\t\t<div class=\"elementor-column elementor-col-50 elementor-inner-column elementor-element elementor-element-257a8a0\" data-id=\"257a8a0\" data-element_type=\"column\">\n\t\t\t<div class=\"elementor-widget-wrap elementor-element-populated\">\n\t\t\t\t\t\t\t\t<div class=\"elementor-element elementor-element-e25fb8f elementor-align-justify elementor-widget elementor-widget-button\" data-id=\"e25fb8f\" data-element_type=\"widget\" data-widget_type=\"button.default\">\n\t\t\t\t<div class=\"elementor-widget-container\">\n\t\t\t\t\t<div class=\"elementor-button-wrapper\">\n\t\t\t<a class=\"elementor-button elementor-button-link elementor-size-md\" href=\"https:\/\/www.blarock.no\/en\/utforr\/#program\" target=\"_blank\">\n\t\t\t\t\t\t<span class=\"elementor-button-content-wrapper\">\n\t\t\t\t\t\t<span class=\"elementor-button-icon elementor-align-icon-right\">\n\t\t\t\t\t\t\t<\/span>\n\t\t\t\t\t\t<span class=\"elementor-button-text\">Program<\/span>\n\t\t<\/span>\n\t\t\t\t\t<\/a>\n\t\t<\/div>\n\t\t\t\t<\/div>\n\t\t\t\t<\/div>\n\t\t\t\t\t<\/div>\n\t\t<\/div>\n\t\t\t\t\t\t\t<\/div>\n\t\t<\/section>\n\t\t\t\t<div class=\"elementor-element elementor-element-e5e90e3 elementor-widget elementor-widget-spacer\" data-id=\"e5e90e3\" data-element_type=\"widget\" data-widget_type=\"spacer.default\">\n\t\t\t\t<div class=\"elementor-widget-container\">\n\t\t\t\t\t<div class=\"elementor-spacer\">\n\t\t\t<div class=\"elementor-spacer-inner\"><\/div>\n\t\t<\/div>\n\t\t\t\t<\/div>\n\t\t\t\t<\/div>\n\t\t\t\t\t<\/div>\n\t\t<\/div>\n\t\t\t\t\t\t\t<\/div>\n\t\t<\/section>\n\t\t\t\t\t\t\t<\/div>","protected":false},"excerpt":{"rendered":"<p>THE DAHLMANNS L\u00d8RDAG 22. AUGUST | &#8211;:&#8211; The Dahlmanns The Dahlmanns ble startet i 2010 av ekteparet Andre og Line Dahlmann fra Moss. Siden den gang har bandet gitt ut en rekke plater p\u00e5 plateselskap verden over, og har turnert Europa og USA p\u00e5 kryss og tvers. Musikken deres har dukket opp i flere filmer [&hellip;]<\/p>","protected":false},"author":1,"featured_media":0,"parent":1532,"menu_order":0,"comment_status":"closed","ping_status":"closed","template":"","meta":{"footnotes":""},"_links":{"self":[{"href":"https:\/\/www.blarock.no\/en\/wp-json\/wp\/v2\/pages\/8356"}],"collection":[{"href":"https:\/\/www.blarock.no\/en\/wp-json\/wp\/v2\/pages"}],"about":[{"href":"https:\/\/www.blarock.no\/en\/wp-json\/wp\/v2\/types\/page"}],"author":[{"embeddable":true,"href":"https:\/\/www.blarock.no\/en\/wp-json\/wp\/v2\/users\/1"}],"replies":[{"embeddable":true,"href":"https:\/\/www.blarock.no\/en\/wp-json\/wp\/v2\/comments?post=8356"}],"version-history":[{"count":13,"href":"https:\/\/www.blarock.no\/en\/wp-json\/wp\/v2\/pages\/8356\/revisions"}],"predecessor-version":[{"id":8445,"href":"https:\/\/www.blarock.no\/en\/wp-json\/wp\/v2\/pages\/8356\/revisions\/8445"}],"up":[{"embeddable":true,"href":"https:\/\/www.blarock.no\/en\/wp-json\/wp\/v2\/pages\/1532"}],"wp:attachment":[{"href":"https:\/\/www.blarock.no\/en\/wp-json\/wp\/v2\/media?parent=8356"}],"curies":[{"name":"wp","href":"https:\/\/api.w.org\/{rel}","templated":true}]}}