{"id":8330,"date":"2026-04-21T12:03:55","date_gmt":"2026-04-21T10:03:55","guid":{"rendered":"https:\/\/www.blarock.no\/?page_id=8330"},"modified":"2026-04-21T13:14:24","modified_gmt":"2026-04-21T11:14:24","slug":"the-monsters","status":"publish","type":"page","link":"https:\/\/www.blarock.no\/en\/utforr\/the-monsters\/","title":{"rendered":"The Monsters"},"content":{"rendered":"<div data-elementor-type=\"wp-page\" data-elementor-id=\"8330\" class=\"elementor elementor-8330\" data-elementor-post-type=\"page\">\n\t\t\t\t\t\t\t\t\t<section class=\"elementor-section elementor-top-section elementor-element elementor-element-344133c elementor-section-height-full animated-fast elementor-section-boxed elementor-section-height-default elementor-section-items-middle elementor-invisible\" data-id=\"344133c\" data-element_type=\"section\" data-settings=\"{&quot;background_background&quot;:&quot;classic&quot;,&quot;animation&quot;:&quot;fadeIn&quot;,&quot;animation_mobile&quot;:&quot;none&quot;,&quot;background_motion_fx_motion_fx_scrolling&quot;:&quot;yes&quot;,&quot;background_motion_fx_translateY_effect&quot;:&quot;yes&quot;,&quot;background_motion_fx_translateY_speed&quot;:{&quot;unit&quot;:&quot;px&quot;,&quot;size&quot;:4,&quot;sizes&quot;:[]},&quot;background_motion_fx_translateY_affectedRange&quot;:{&quot;unit&quot;:&quot;%&quot;,&quot;size&quot;:&quot;&quot;,&quot;sizes&quot;:{&quot;start&quot;:0,&quot;end&quot;:100}},&quot;background_motion_fx_devices&quot;:[&quot;desktop&quot;,&quot;tablet&quot;,&quot;mobile&quot;]}\">\n\t\t\t\t\t\t\t<div class=\"elementor-background-overlay\"><\/div>\n\t\t\t\t\t\t\t<div class=\"elementor-container elementor-column-gap-default\">\n\t\t\t\t\t<div class=\"elementor-column elementor-col-100 elementor-top-column elementor-element elementor-element-b146b08\" data-id=\"b146b08\" data-element_type=\"column\">\n\t\t\t<div class=\"elementor-widget-wrap elementor-element-populated\">\n\t\t\t\t\t\t\t\t<div class=\"elementor-element elementor-element-17bbe4c elementor-widget elementor-widget-spacer\" data-id=\"17bbe4c\" data-element_type=\"widget\" data-widget_type=\"spacer.default\">\n\t\t\t\t<div class=\"elementor-widget-container\">\n\t\t\t\t\t<div class=\"elementor-spacer\">\n\t\t\t<div class=\"elementor-spacer-inner\"><\/div>\n\t\t<\/div>\n\t\t\t\t<\/div>\n\t\t\t\t<\/div>\n\t\t\t\t<div class=\"elementor-element elementor-element-2a81529 elementor-widget elementor-widget-image\" data-id=\"2a81529\" data-element_type=\"widget\" data-widget_type=\"image.default\">\n\t\t\t\t<div class=\"elementor-widget-container\">\n\t\t\t\t\t\t\t\t\t\t\t\t\t\t\t<img decoding=\"async\" width=\"500\" height=\"250\" src=\"https:\/\/www.blarock.no\/wp-content\/uploads\/2026\/03\/UBR26-2.png\" class=\"attachment-medium_large size-medium_large wp-image-8222\" alt=\"\" \/>\t\t\t\t\t\t\t\t\t\t\t\t\t\t\t<\/div>\n\t\t\t\t<\/div>\n\t\t\t\t<div class=\"elementor-element elementor-element-9516e10 elementor-widget elementor-widget-text-editor\" data-id=\"9516e10\" data-element_type=\"widget\" data-widget_type=\"text-editor.default\">\n\t\t\t\t<div class=\"elementor-widget-container\">\n\t\t\t\t\t\t\t<p>THE MONSTERS<small>(CH)<\/small><\/p>\t\t\t\t\t\t<\/div>\n\t\t\t\t<\/div>\n\t\t\t\t<div class=\"elementor-element elementor-element-a3912f7 elementor-widget elementor-widget-text-editor\" data-id=\"a3912f7\" data-element_type=\"widget\" data-widget_type=\"text-editor.default\">\n\t\t\t\t<div class=\"elementor-widget-container\">\n\t\t\t\t\t\t\t<p><b>L\u00d8RDAG <\/b>22. AUGUST | &#8211;:&#8211;<\/p>\t\t\t\t\t\t<\/div>\n\t\t\t\t<\/div>\n\t\t\t\t<div class=\"elementor-element elementor-element-6f3768a elementor-widget__width-initial elementor-widget elementor-widget-spacer\" data-id=\"6f3768a\" data-element_type=\"widget\" data-widget_type=\"spacer.default\">\n\t\t\t\t<div class=\"elementor-widget-container\">\n\t\t\t\t\t<div class=\"elementor-spacer\">\n\t\t\t<div class=\"elementor-spacer-inner\"><\/div>\n\t\t<\/div>\n\t\t\t\t<\/div>\n\t\t\t\t<\/div>\n\t\t\t\t\t<\/div>\n\t\t<\/div>\n\t\t\t\t\t\t\t<\/div>\n\t\t<\/section>\n\t\t\t\t<section class=\"elementor-section elementor-top-section elementor-element elementor-element-0e13624 elementor-section-boxed elementor-section-height-default elementor-section-height-default\" data-id=\"0e13624\" data-element_type=\"section\">\n\t\t\t\t\t\t<div class=\"elementor-container elementor-column-gap-default\">\n\t\t\t\t\t<div class=\"elementor-column elementor-col-100 elementor-top-column elementor-element elementor-element-e00e9b1\" data-id=\"e00e9b1\" data-element_type=\"column\">\n\t\t\t<div class=\"elementor-widget-wrap elementor-element-populated\">\n\t\t\t\t\t\t\t\t<div class=\"elementor-element elementor-element-1e519f6 elementor-widget elementor-widget-spacer\" data-id=\"1e519f6\" data-element_type=\"widget\" data-widget_type=\"spacer.default\">\n\t\t\t\t<div class=\"elementor-widget-container\">\n\t\t\t\t\t<div class=\"elementor-spacer\">\n\t\t\t<div class=\"elementor-spacer-inner\"><\/div>\n\t\t<\/div>\n\t\t\t\t<\/div>\n\t\t\t\t<\/div>\n\t\t\t\t<div class=\"elementor-element elementor-element-abdf109 elementor-author-box--layout-image-left elementor-author-box--align-left elementor-hidden-desktop elementor-hidden-tablet elementor-hidden-mobile elementor-widget elementor-widget-author-box\" data-id=\"abdf109\" data-element_type=\"widget\" data-widget_type=\"author-box.default\">\n\t\t\t\t<div class=\"elementor-widget-container\">\n\t\t\t\t\t<div class=\"elementor-author-box\">\n\t\t\t\t\t\t\t<div  class=\"elementor-author-box__avatar\">\n\t\t\t\t\t<img decoding=\"async\" src=\"https:\/\/www.blarock.no\/wp-content\/uploads\/2026\/03\/Utforr.bla_.26.final_.pdf-2000-x-2000-px-1.jpg\" alt=\"- - \" loading=\"lazy\">\n\t\t\t\t<\/div>\n\t\t\t\n\t\t\t<div class=\"elementor-author-box__text\">\n\t\t\t\t\t\t\t\t\t<div >\n\t\t\t\t\t\t<h4 class=\"elementor-author-box__name\">\n\t\t\t\t\t\t\t- - \t\t\t\t\t\t<\/h4>\n\t\t\t\t\t<\/div>\n\t\t\t\t\n\t\t\t\t\t\t\t\t\t<div class=\"elementor-author-box__bio\">\n\t\t\t\t\t\t<p>- --<\/p>\n\t\t\t\t\t<\/div>\n\t\t\t\t\n\t\t\t\t\t\t\t<\/div>\n\t\t<\/div>\n\t\t\t\t<\/div>\n\t\t\t\t<\/div>\n\t\t\t\t<div class=\"elementor-element elementor-element-ae74863 elementor-widget elementor-widget-heading\" data-id=\"ae74863\" data-element_type=\"widget\" data-widget_type=\"heading.default\">\n\t\t\t\t<div class=\"elementor-widget-container\">\n\t\t\t<h2 class=\"elementor-heading-title elementor-size-default\">The Monsteers (CH)<\/h2>\t\t<\/div>\n\t\t\t\t<\/div>\n\t\t\t\t<div class=\"elementor-element elementor-element-e024c1c elementor-widget elementor-widget-text-editor\" data-id=\"e024c1c\" data-element_type=\"widget\" data-widget_type=\"text-editor.default\">\n\t\t\t\t<div class=\"elementor-widget-container\">\n\t\t\t\t\t\t\t<p>Sveitsiske The Monsters er klare for \u00e5 ta Fiskegata med p\u00e5 en nostalgisk og uhyggelig reise inn i sitt retro-gr\u00f8sser trashpunk-univers. Forbered dere p\u00e5 rivanes riff, 60-tallets garasjepunk og primitiv rock&#8217;n&#8217;roll p\u00e5 en deilig kveld med kitsch \u2013 i ordets fineste forstand!<\/p><p>The Monsters er en kvartett, dannet i 1986 i Bern. Lyden deres er en forvrengt blanding av 60-tallets garasjepunk, vill teenage-trash rockabilly, primitiv rock&#8217;n&#8217;roll og black metal boogie. Med en omfattende diskografi med ti plater finner du fengende riff, ut\u00f8mmelig energi, retro-nostalgi og utallige uhyggelige monstre. The Monsters er uhemmet &laquo;camp&raquo;, men fortvil ikke \u2013 musikken fremf\u00f8res med klasse og finesse, selv om tittelen p\u00e5 bandets siste utgivelse er <em>You&#8217;re Class, I&#8217;m Trash<\/em>. Sveitsernes selvironi og humor er ogs\u00e5 tydelig i albumformatene: den fysiske utgivelsen av <em>I See Dead People<\/em> kom med et 1000-brikkers puslespill, booklet, klistremerke og pin.<\/p><p>The Monsters har turnert Europa og resten av verden med sine legendariske liveshow, og har delt scene med artister som Guitar Wolf, The Monks, The Sonics, Ty Segall, Black Lips og mange flere. De har spilt p\u00e5 legendariske steder og festivaler som CBGBs (USA) og Le Guess Who Festival (NL), samt utallige DIY-punkeplasser.<\/p><p>Sist The Monsters gjestet Bl\u00e5rock var under Rockfest 2007 \u2013 n\u00e5 er de endelig tilbake. Vi gleder oss til \u00e5 Monster Mash-e hjernen v\u00e5r bort til motorsagmassakre-garasjepunk og primitiv one-riff rock&#8217;n&#8217;roll under Utf\u00f8rr Bl\u00e5rock 2026!<\/p>\t\t\t\t\t\t<\/div>\n\t\t\t\t<\/div>\n\t\t\t\t<div class=\"elementor-element elementor-element-152031b elementor-widget elementor-widget-wp-widget-custom_html\" data-id=\"152031b\" data-element_type=\"widget\" data-widget_type=\"wp-widget-custom_html.default\">\n\t\t\t\t<div class=\"elementor-widget-container\">\n\t\t\t<div class=\"textwidget custom-html-widget\"><\/div>\t\t<\/div>\n\t\t\t\t<\/div>\n\t\t\t\t<section class=\"elementor-section elementor-inner-section elementor-element elementor-element-ed350f4 elementor-section-boxed elementor-section-height-default elementor-section-height-default\" data-id=\"ed350f4\" data-element_type=\"section\">\n\t\t\t\t\t\t<div class=\"elementor-container elementor-column-gap-default\">\n\t\t\t\t\t<div class=\"elementor-column elementor-col-50 elementor-inner-column elementor-element elementor-element-1e5b64c\" data-id=\"1e5b64c\" data-element_type=\"column\">\n\t\t\t<div class=\"elementor-widget-wrap elementor-element-populated\">\n\t\t\t\t\t\t\t\t<div class=\"elementor-element elementor-element-6f40268 elementor-align-justify elementor-widget elementor-widget-button\" data-id=\"6f40268\" data-element_type=\"widget\" data-widget_type=\"button.default\">\n\t\t\t\t<div class=\"elementor-widget-container\">\n\t\t\t\t\t<div class=\"elementor-button-wrapper\">\n\t\t\t<a class=\"elementor-button elementor-button-link elementor-size-sm\" href=\"https:\/\/blarock.antitickets.com\/event\/utfoerr-blaarock-2026\" target=\"_blank\">\n\t\t\t\t\t\t<span class=\"elementor-button-content-wrapper\">\n\t\t\t\t\t\t<span class=\"elementor-button-text\">Skaff billetter<\/span>\n\t\t<\/span>\n\t\t\t\t\t<\/a>\n\t\t<\/div>\n\t\t\t\t<\/div>\n\t\t\t\t<\/div>\n\t\t\t\t\t<\/div>\n\t\t<\/div>\n\t\t\t\t<div class=\"elementor-column elementor-col-50 elementor-inner-column elementor-element elementor-element-756f73b\" data-id=\"756f73b\" data-element_type=\"column\">\n\t\t\t<div class=\"elementor-widget-wrap elementor-element-populated\">\n\t\t\t\t\t\t\t\t<div class=\"elementor-element elementor-element-e25b123 elementor-align-justify elementor-widget elementor-widget-button\" data-id=\"e25b123\" data-element_type=\"widget\" data-widget_type=\"button.default\">\n\t\t\t\t<div class=\"elementor-widget-container\">\n\t\t\t\t\t<div class=\"elementor-button-wrapper\">\n\t\t\t<a class=\"elementor-button elementor-button-link elementor-size-md\" href=\"https:\/\/www.blarock.no\/en\/utforr\/#program\" target=\"_blank\">\n\t\t\t\t\t\t<span class=\"elementor-button-content-wrapper\">\n\t\t\t\t\t\t<span class=\"elementor-button-icon elementor-align-icon-right\">\n\t\t\t\t\t\t\t<\/span>\n\t\t\t\t\t\t<span class=\"elementor-button-text\">Program<\/span>\n\t\t<\/span>\n\t\t\t\t\t<\/a>\n\t\t<\/div>\n\t\t\t\t<\/div>\n\t\t\t\t<\/div>\n\t\t\t\t\t<\/div>\n\t\t<\/div>\n\t\t\t\t\t\t\t<\/div>\n\t\t<\/section>\n\t\t\t\t<div class=\"elementor-element elementor-element-eea3590 elementor-widget elementor-widget-spacer\" data-id=\"eea3590\" data-element_type=\"widget\" data-widget_type=\"spacer.default\">\n\t\t\t\t<div class=\"elementor-widget-container\">\n\t\t\t\t\t<div class=\"elementor-spacer\">\n\t\t\t<div class=\"elementor-spacer-inner\"><\/div>\n\t\t<\/div>\n\t\t\t\t<\/div>\n\t\t\t\t<\/div>\n\t\t\t\t\t<\/div>\n\t\t<\/div>\n\t\t\t\t\t\t\t<\/div>\n\t\t<\/section>\n\t\t\t\t\t\t\t<\/div>","protected":false},"excerpt":{"rendered":"<p>THE MONSTERS(CH) L\u00d8RDAG 22. AUGUST | &#8211;:&#8211; The Monsteers (CH) Sveitsiske The Monsters er klare for \u00e5 ta Fiskegata med p\u00e5 en nostalgisk og uhyggelig reise inn i sitt retro-gr\u00f8sser trashpunk-univers. Forbered dere p\u00e5 rivanes riff, 60-tallets garasjepunk og primitiv rock&#8217;n&#8217;roll p\u00e5 en deilig kveld med kitsch \u2013 i ordets fineste forstand! The Monsters er [&hellip;]<\/p>","protected":false},"author":1,"featured_media":0,"parent":1532,"menu_order":0,"comment_status":"closed","ping_status":"closed","template":"","meta":{"footnotes":""},"_links":{"self":[{"href":"https:\/\/www.blarock.no\/en\/wp-json\/wp\/v2\/pages\/8330"}],"collection":[{"href":"https:\/\/www.blarock.no\/en\/wp-json\/wp\/v2\/pages"}],"about":[{"href":"https:\/\/www.blarock.no\/en\/wp-json\/wp\/v2\/types\/page"}],"author":[{"embeddable":true,"href":"https:\/\/www.blarock.no\/en\/wp-json\/wp\/v2\/users\/1"}],"replies":[{"embeddable":true,"href":"https:\/\/www.blarock.no\/en\/wp-json\/wp\/v2\/comments?post=8330"}],"version-history":[{"count":13,"href":"https:\/\/www.blarock.no\/en\/wp-json\/wp\/v2\/pages\/8330\/revisions"}],"predecessor-version":[{"id":8442,"href":"https:\/\/www.blarock.no\/en\/wp-json\/wp\/v2\/pages\/8330\/revisions\/8442"}],"up":[{"embeddable":true,"href":"https:\/\/www.blarock.no\/en\/wp-json\/wp\/v2\/pages\/1532"}],"wp:attachment":[{"href":"https:\/\/www.blarock.no\/en\/wp-json\/wp\/v2\/media?parent=8330"}],"curies":[{"name":"wp","href":"https:\/\/api.w.org\/{rel}","templated":true}]}}