{"id":7457,"date":"2025-08-02T15:07:35","date_gmt":"2025-08-02T13:07:35","guid":{"rendered":"https:\/\/www.blarock.no\/?page_id=7457"},"modified":"2025-08-02T15:31:20","modified_gmt":"2025-08-02T13:31:20","slug":"twisted-teens","status":"publish","type":"page","link":"https:\/\/www.blarock.no\/en\/utforr\/twisted-teens\/","title":{"rendered":"Twisted Teens"},"content":{"rendered":"<div data-elementor-type=\"wp-page\" data-elementor-id=\"7457\" class=\"elementor elementor-7457\" data-elementor-post-type=\"page\">\n\t\t\t\t\t\t\t\t\t<section class=\"elementor-section elementor-top-section elementor-element elementor-element-27d191b elementor-section-height-full animated-fast elementor-section-boxed elementor-section-height-default elementor-section-items-middle elementor-invisible\" data-id=\"27d191b\" data-element_type=\"section\" data-settings=\"{&quot;background_background&quot;:&quot;classic&quot;,&quot;animation&quot;:&quot;fadeIn&quot;,&quot;animation_mobile&quot;:&quot;none&quot;,&quot;background_motion_fx_motion_fx_scrolling&quot;:&quot;yes&quot;,&quot;background_motion_fx_translateY_effect&quot;:&quot;yes&quot;,&quot;background_motion_fx_translateY_speed&quot;:{&quot;unit&quot;:&quot;px&quot;,&quot;size&quot;:4,&quot;sizes&quot;:[]},&quot;background_motion_fx_translateY_affectedRange&quot;:{&quot;unit&quot;:&quot;%&quot;,&quot;size&quot;:&quot;&quot;,&quot;sizes&quot;:{&quot;start&quot;:0,&quot;end&quot;:100}},&quot;background_motion_fx_devices&quot;:[&quot;desktop&quot;,&quot;tablet&quot;,&quot;mobile&quot;]}\">\n\t\t\t\t\t\t\t<div class=\"elementor-background-overlay\"><\/div>\n\t\t\t\t\t\t\t<div class=\"elementor-container elementor-column-gap-default\">\n\t\t\t\t\t<div class=\"elementor-column elementor-col-100 elementor-top-column elementor-element elementor-element-f852530\" data-id=\"f852530\" data-element_type=\"column\">\n\t\t\t<div class=\"elementor-widget-wrap elementor-element-populated\">\n\t\t\t\t\t\t\t\t<div class=\"elementor-element elementor-element-0eeb23a elementor-widget elementor-widget-spacer\" data-id=\"0eeb23a\" data-element_type=\"widget\" data-widget_type=\"spacer.default\">\n\t\t\t\t<div class=\"elementor-widget-container\">\n\t\t\t\t\t<div class=\"elementor-spacer\">\n\t\t\t<div class=\"elementor-spacer-inner\"><\/div>\n\t\t<\/div>\n\t\t\t\t<\/div>\n\t\t\t\t<\/div>\n\t\t\t\t<div class=\"elementor-element elementor-element-b596dbb elementor-widget elementor-widget-image\" data-id=\"b596dbb\" data-element_type=\"widget\" data-widget_type=\"image.default\">\n\t\t\t\t<div class=\"elementor-widget-container\">\n\t\t\t\t\t\t\t\t\t\t\t\t\t\t\t<img decoding=\"async\" width=\"500\" height=\"250\" src=\"https:\/\/www.blarock.no\/wp-content\/uploads\/2025\/05\/Untitled-design-7.png\" class=\"attachment-medium_large size-medium_large wp-image-7298\" alt=\"\" \/>\t\t\t\t\t\t\t\t\t\t\t\t\t\t\t<\/div>\n\t\t\t\t<\/div>\n\t\t\t\t<div class=\"elementor-element elementor-element-379b287 elementor-widget elementor-widget-text-editor\" data-id=\"379b287\" data-element_type=\"widget\" data-widget_type=\"text-editor.default\">\n\t\t\t\t<div class=\"elementor-widget-container\">\n\t\t\t\t\t\t\t<p>TWISTED TEENS<small>(US)<\/small><\/p>\t\t\t\t\t\t<\/div>\n\t\t\t\t<\/div>\n\t\t\t\t<div class=\"elementor-element elementor-element-16f6084 elementor-widget elementor-widget-text-editor\" data-id=\"16f6084\" data-element_type=\"widget\" data-widget_type=\"text-editor.default\">\n\t\t\t\t<div class=\"elementor-widget-container\">\n\t\t\t\t\t\t\t<p><b>FREDAG <\/b>22. AUGUST | 19:45<\/p>\t\t\t\t\t\t<\/div>\n\t\t\t\t<\/div>\n\t\t\t\t<div class=\"elementor-element elementor-element-2a04261 elementor-widget__width-initial elementor-widget elementor-widget-spacer\" data-id=\"2a04261\" data-element_type=\"widget\" data-widget_type=\"spacer.default\">\n\t\t\t\t<div class=\"elementor-widget-container\">\n\t\t\t\t\t<div class=\"elementor-spacer\">\n\t\t\t<div class=\"elementor-spacer-inner\"><\/div>\n\t\t<\/div>\n\t\t\t\t<\/div>\n\t\t\t\t<\/div>\n\t\t\t\t\t<\/div>\n\t\t<\/div>\n\t\t\t\t\t\t\t<\/div>\n\t\t<\/section>\n\t\t\t\t<section class=\"elementor-section elementor-top-section elementor-element elementor-element-2153c5e elementor-section-boxed elementor-section-height-default elementor-section-height-default\" data-id=\"2153c5e\" data-element_type=\"section\">\n\t\t\t\t\t\t<div class=\"elementor-container elementor-column-gap-default\">\n\t\t\t\t\t<div class=\"elementor-column elementor-col-100 elementor-top-column elementor-element elementor-element-6968bf6\" data-id=\"6968bf6\" data-element_type=\"column\">\n\t\t\t<div class=\"elementor-widget-wrap elementor-element-populated\">\n\t\t\t\t\t\t\t\t<div class=\"elementor-element elementor-element-aea335c elementor-widget elementor-widget-spacer\" data-id=\"aea335c\" data-element_type=\"widget\" data-widget_type=\"spacer.default\">\n\t\t\t\t<div class=\"elementor-widget-container\">\n\t\t\t\t\t<div class=\"elementor-spacer\">\n\t\t\t<div class=\"elementor-spacer-inner\"><\/div>\n\t\t<\/div>\n\t\t\t\t<\/div>\n\t\t\t\t<\/div>\n\t\t\t\t<div class=\"elementor-element elementor-element-832706a elementor-author-box--layout-image-left elementor-author-box--align-left elementor-widget elementor-widget-author-box\" data-id=\"832706a\" data-element_type=\"widget\" data-widget_type=\"author-box.default\">\n\t\t\t\t<div class=\"elementor-widget-container\">\n\t\t\t\t\t<div class=\"elementor-author-box\">\n\t\t\t\t\t\t\t<div  class=\"elementor-author-box__avatar\">\n\t\t\t\t\t<img decoding=\"async\" src=\"https:\/\/www.blarock.no\/wp-content\/uploads\/2025\/08\/feabd692-fbcf-43e0-9a3e-f1e7fb74e099.jpg\" alt=\"Kari Westergaard\" loading=\"lazy\">\n\t\t\t\t<\/div>\n\t\t\t\n\t\t\t<div class=\"elementor-author-box__text\">\n\t\t\t\t\t\t\t\t\t<div >\n\t\t\t\t\t\t<h4 class=\"elementor-author-box__name\">\n\t\t\t\t\t\t\tKari Westergaard\t\t\t\t\t\t<\/h4>\n\t\t\t\t\t<\/div>\n\t\t\t\t\n\t\t\t\t\t\t\t\t\t<div class=\"elementor-author-box__bio\">\n\t\t\t\t\t\t<p>Noen ukjente navn p\u00e5 \u00e5rets plakat? Kari Westergaard, plateselskapmogul i Westergaard Records, fantastisk dj som Dj Blondie, har dette \u00e5 si om ett av sine favorittband Twisted Teens.<\/p>\n\t\t\t\t\t<\/div>\n\t\t\t\t\n\t\t\t\t\t\t\t<\/div>\n\t\t<\/div>\n\t\t\t\t<\/div>\n\t\t\t\t<\/div>\n\t\t\t\t<div class=\"elementor-element elementor-element-38958df elementor-widget elementor-widget-heading\" data-id=\"38958df\" data-element_type=\"widget\" data-widget_type=\"heading.default\">\n\t\t\t\t<div class=\"elementor-widget-container\">\n\t\t\t<h2 class=\"elementor-heading-title elementor-size-default\">Twisted Teens (US)<\/h2>\t\t<\/div>\n\t\t\t\t<\/div>\n\t\t\t\t<div class=\"elementor-element elementor-element-e877c4f elementor-widget elementor-widget-text-editor\" data-id=\"e877c4f\" data-element_type=\"widget\" data-widget_type=\"text-editor.default\">\n\t\t\t\t<div class=\"elementor-widget-container\">\n\t\t\t\t\t\t\t<div class=\"x14z9mp xat24cr x1lziwak x1vvkbs xtlvy1s x126k92a\"><div dir=\"auto\">Twisted Teens fra New Orleans spiller ekstremt fengende garasjep\u00f8nk med umiskjennelig s\u00f8rstatsaroma. Det er skranglete og velspilt, sjangermessig fullstendig kaotisk i landskapet DIY-punk m\u00f8ter country p\u00e5 en svett sensommeraften uten aircondition med mye kroppslukt og medf\u00f8dte holdningsproblemer, jordingsfeil, pedal steel og generelt god stemning.<\/div><div dir=\"auto\">\u00a0<\/div><div dir=\"auto\">Den selvtitulerte debutskiva er faktisk helt umulig \u00e5 slutte \u00e5 h\u00f8re p\u00e5. Etter et dr\u00f8yt \u00e5r p\u00e5 repeat burde man kanskje ha g\u00e5tt videre til neste dille, men neida &#8211; den er minst like kruttsterk etter \u00f8rti gjennomlyttinger. Den har faktisk INGEN svake spor. Hvis Twisted Teens er halvparten s\u00e5 bra i virkeligheten som p\u00e5 plate s\u00e5 blir dette en kveld for de Bl\u00e5Rockske historieb\u00f8ker &#8211; som jo er tettskrevne med hysterisk bra konsertopplevelser og derfor har vidunderlig h\u00f8y terskel for \u00e5 f\u00e5 innpass i.<\/div><div dir=\"auto\">\u00a0<\/div><div dir=\"auto\">En stor kveld er i emning: dette vil du virkelig ikke g\u00e5 glipp av!<\/div><div dir=\"auto\">&#8211; Kari Westergaard<\/div><\/div>\t\t\t\t\t\t<\/div>\n\t\t\t\t<\/div>\n\t\t\t\t<div class=\"elementor-element elementor-element-be35d8d elementor-widget elementor-widget-wp-widget-custom_html\" data-id=\"be35d8d\" data-element_type=\"widget\" data-widget_type=\"wp-widget-custom_html.default\">\n\t\t\t\t<div class=\"elementor-widget-container\">\n\t\t\t<div class=\"textwidget custom-html-widget\"><\/div>\t\t<\/div>\n\t\t\t\t<\/div>\n\t\t\t\t<section class=\"elementor-section elementor-inner-section elementor-element elementor-element-9c4d899 elementor-section-boxed elementor-section-height-default elementor-section-height-default\" data-id=\"9c4d899\" data-element_type=\"section\">\n\t\t\t\t\t\t<div class=\"elementor-container elementor-column-gap-default\">\n\t\t\t\t\t<div class=\"elementor-column elementor-col-50 elementor-inner-column elementor-element elementor-element-559ce2e\" data-id=\"559ce2e\" data-element_type=\"column\">\n\t\t\t<div class=\"elementor-widget-wrap elementor-element-populated\">\n\t\t\t\t\t\t\t\t<div class=\"elementor-element elementor-element-e199ee5 elementor-align-justify elementor-widget elementor-widget-button\" data-id=\"e199ee5\" data-element_type=\"widget\" data-widget_type=\"button.default\">\n\t\t\t\t<div class=\"elementor-widget-container\">\n\t\t\t\t\t<div class=\"elementor-button-wrapper\">\n\t\t\t<a class=\"elementor-button elementor-button-link elementor-size-sm\" href=\"https:\/\/blarock.antitickets.com\/event\/utfoerr-25\" target=\"_blank\">\n\t\t\t\t\t\t<span class=\"elementor-button-content-wrapper\">\n\t\t\t\t\t\t<span class=\"elementor-button-text\">Skaff billetter<\/span>\n\t\t<\/span>\n\t\t\t\t\t<\/a>\n\t\t<\/div>\n\t\t\t\t<\/div>\n\t\t\t\t<\/div>\n\t\t\t\t\t<\/div>\n\t\t<\/div>\n\t\t\t\t<div class=\"elementor-column elementor-col-50 elementor-inner-column elementor-element elementor-element-1487894\" data-id=\"1487894\" data-element_type=\"column\">\n\t\t\t<div class=\"elementor-widget-wrap elementor-element-populated\">\n\t\t\t\t\t\t\t\t<div class=\"elementor-element elementor-element-d2a2344 elementor-align-justify elementor-widget elementor-widget-button\" data-id=\"d2a2344\" data-element_type=\"widget\" data-widget_type=\"button.default\">\n\t\t\t\t<div class=\"elementor-widget-container\">\n\t\t\t\t\t<div class=\"elementor-button-wrapper\">\n\t\t\t<a class=\"elementor-button elementor-button-link elementor-size-md\" href=\"https:\/\/www.blarock.no\/en\/utforr\/#program\" target=\"_blank\">\n\t\t\t\t\t\t<span class=\"elementor-button-content-wrapper\">\n\t\t\t\t\t\t<span class=\"elementor-button-icon elementor-align-icon-right\">\n\t\t\t\t\t\t\t<\/span>\n\t\t\t\t\t\t<span class=\"elementor-button-text\">Program<\/span>\n\t\t<\/span>\n\t\t\t\t\t<\/a>\n\t\t<\/div>\n\t\t\t\t<\/div>\n\t\t\t\t<\/div>\n\t\t\t\t\t<\/div>\n\t\t<\/div>\n\t\t\t\t\t\t\t<\/div>\n\t\t<\/section>\n\t\t\t\t<div class=\"elementor-element elementor-element-99a864b elementor-widget elementor-widget-spacer\" data-id=\"99a864b\" data-element_type=\"widget\" data-widget_type=\"spacer.default\">\n\t\t\t\t<div class=\"elementor-widget-container\">\n\t\t\t\t\t<div class=\"elementor-spacer\">\n\t\t\t<div class=\"elementor-spacer-inner\"><\/div>\n\t\t<\/div>\n\t\t\t\t<\/div>\n\t\t\t\t<\/div>\n\t\t\t\t\t<\/div>\n\t\t<\/div>\n\t\t\t\t\t\t\t<\/div>\n\t\t<\/section>\n\t\t\t\t\t\t\t<\/div>","protected":false},"excerpt":{"rendered":"<p>TWISTED TEENS(US) FREDAG 22. AUGUST | 19:45 Twisted Teens (US) Twisted Teens fra New Orleans spiller ekstremt fengende garasjep\u00f8nk med umiskjennelig s\u00f8rstatsaroma. Det er skranglete og velspilt, sjangermessig fullstendig kaotisk i landskapet DIY-punk m\u00f8ter country p\u00e5 en svett sensommeraften uten aircondition med mye kroppslukt og medf\u00f8dte holdningsproblemer, jordingsfeil, pedal steel og generelt god stemning.\u00a0Den selvtitulerte [&hellip;]<\/p>","protected":false},"author":1,"featured_media":7459,"parent":1532,"menu_order":0,"comment_status":"closed","ping_status":"closed","template":"","meta":{"footnotes":""},"_links":{"self":[{"href":"https:\/\/www.blarock.no\/en\/wp-json\/wp\/v2\/pages\/7457"}],"collection":[{"href":"https:\/\/www.blarock.no\/en\/wp-json\/wp\/v2\/pages"}],"about":[{"href":"https:\/\/www.blarock.no\/en\/wp-json\/wp\/v2\/types\/page"}],"author":[{"embeddable":true,"href":"https:\/\/www.blarock.no\/en\/wp-json\/wp\/v2\/users\/1"}],"replies":[{"embeddable":true,"href":"https:\/\/www.blarock.no\/en\/wp-json\/wp\/v2\/comments?post=7457"}],"version-history":[{"count":25,"href":"https:\/\/www.blarock.no\/en\/wp-json\/wp\/v2\/pages\/7457\/revisions"}],"predecessor-version":[{"id":7487,"href":"https:\/\/www.blarock.no\/en\/wp-json\/wp\/v2\/pages\/7457\/revisions\/7487"}],"up":[{"embeddable":true,"href":"https:\/\/www.blarock.no\/en\/wp-json\/wp\/v2\/pages\/1532"}],"wp:featuredmedia":[{"embeddable":true,"href":"https:\/\/www.blarock.no\/en\/wp-json\/wp\/v2\/media\/7459"}],"wp:attachment":[{"href":"https:\/\/www.blarock.no\/en\/wp-json\/wp\/v2\/media?parent=7457"}],"curies":[{"name":"wp","href":"https:\/\/api.w.org\/{rel}","templated":true}]}}