{"id":6829,"date":"2025-01-09T17:46:22","date_gmt":"2025-01-09T16:46:22","guid":{"rendered":"https:\/\/www.blarock.no\/?page_id=6829"},"modified":"2025-01-09T18:03:38","modified_gmt":"2025-01-09T17:03:38","slug":"rockeklubben-ekte-rock","status":"publish","type":"page","link":"https:\/\/www.blarock.no\/en\/rockeklubben-ekte-rock\/","title":{"rendered":"Rockeklubben Ekte Rock"},"content":{"rendered":"<div data-elementor-type=\"wp-page\" data-elementor-id=\"6829\" class=\"elementor elementor-6829\" data-elementor-post-type=\"page\">\n\t\t\t\t\t\t\t\t\t<section class=\"elementor-section elementor-top-section elementor-element elementor-element-8403b78 elementor-section-height-full animated-fast elementor-section-boxed elementor-section-height-default elementor-section-items-middle elementor-invisible\" data-id=\"8403b78\" data-element_type=\"section\" data-settings=\"{&quot;background_background&quot;:&quot;slideshow&quot;,&quot;animation&quot;:&quot;fadeIn&quot;,&quot;animation_mobile&quot;:&quot;none&quot;,&quot;background_slideshow_gallery&quot;:[{&quot;id&quot;:6836,&quot;url&quot;:&quot;https:\\\/\\\/www.blarock.no\\\/wp-content\\\/uploads\\\/2025\\\/01\\\/0M6A7621.jpg&quot;},{&quot;id&quot;:6835,&quot;url&quot;:&quot;https:\\\/\\\/www.blarock.no\\\/wp-content\\\/uploads\\\/2025\\\/01\\\/457247856_927133956098406_6830681742917541900_n-1.jpg&quot;},{&quot;id&quot;:6834,&quot;url&quot;:&quot;https:\\\/\\\/www.blarock.no\\\/wp-content\\\/uploads\\\/2025\\\/01\\\/457409472_927135052764963_1317458298033702346_n.jpg&quot;},{&quot;id&quot;:6838,&quot;url&quot;:&quot;https:\\\/\\\/www.blarock.no\\\/wp-content\\\/uploads\\\/2025\\\/01\\\/457522726_927134229431712_4302459715226083599_n.jpg&quot;}],&quot;background_slideshow_loop&quot;:&quot;yes&quot;,&quot;background_slideshow_slide_duration&quot;:5000,&quot;background_slideshow_slide_transition&quot;:&quot;fade&quot;,&quot;background_slideshow_transition_duration&quot;:500}\">\n\t\t\t\t\t\t\t<div class=\"elementor-background-overlay\"><\/div>\n\t\t\t\t\t\t\t<div class=\"elementor-container elementor-column-gap-default\">\n\t\t\t\t\t<div class=\"elementor-column elementor-col-100 elementor-top-column elementor-element elementor-element-a9575d4\" data-id=\"a9575d4\" data-element_type=\"column\">\n\t\t\t<div class=\"elementor-widget-wrap elementor-element-populated\">\n\t\t\t\t\t\t\t\t<div class=\"elementor-element elementor-element-91ad7f8 elementor-widget elementor-widget-text-editor\" data-id=\"91ad7f8\" data-element_type=\"widget\" data-widget_type=\"text-editor.default\">\n\t\t\t\t<div class=\"elementor-widget-container\">\n\t\t\t\t\t\t\t<p>FORENINGEN<\/p>\t\t\t\t\t\t<\/div>\n\t\t\t\t<\/div>\n\t\t\t\t<div class=\"elementor-element elementor-element-265cb12 elementor-widget elementor-widget-heading\" data-id=\"265cb12\" data-element_type=\"widget\" data-widget_type=\"heading.default\">\n\t\t\t\t<div class=\"elementor-widget-container\">\n\t\t\t<h1 class=\"elementor-heading-title elementor-size-large\">Rockeklubben <i>Ekte <\/i>Rock<\/h1>\t\t<\/div>\n\t\t\t\t<\/div>\n\t\t\t\t\t<\/div>\n\t\t<\/div>\n\t\t\t\t\t\t\t<\/div>\n\t\t<\/section>\n\t\t\t\t<section class=\"elementor-section elementor-top-section elementor-element elementor-element-40340d3 elementor-section-content-middle animated-slow elementor-section-boxed elementor-section-height-default elementor-section-height-default elementor-invisible\" data-id=\"40340d3\" data-element_type=\"section\" data-settings=\"{&quot;background_background&quot;:&quot;classic&quot;,&quot;animation&quot;:&quot;fadeIn&quot;}\">\n\t\t\t\t\t\t<div class=\"elementor-container elementor-column-gap-no\">\n\t\t\t\t\t<div class=\"elementor-column elementor-col-100 elementor-top-column elementor-element elementor-element-127434d\" data-id=\"127434d\" data-element_type=\"column\">\n\t\t\t<div class=\"elementor-widget-wrap elementor-element-populated\">\n\t\t\t\t\t\t\t\t<div class=\"elementor-element elementor-element-04d11ca elementor-widget elementor-widget-heading\" data-id=\"04d11ca\" data-element_type=\"widget\" data-widget_type=\"heading.default\">\n\t\t\t\t<div class=\"elementor-widget-container\">\n\t\t\t<h3 class=\"elementor-heading-title elementor-size-large\">Om foreningen<\/h3>\t\t<\/div>\n\t\t\t\t<\/div>\n\t\t\t\t<div class=\"elementor-element elementor-element-5356c68 elementor-widget elementor-widget-text-editor\" data-id=\"5356c68\" data-element_type=\"widget\" data-widget_type=\"text-editor.default\">\n\t\t\t\t<div class=\"elementor-widget-container\">\n\t\t\t\t\t\t\t<p><b>Rockeklubben <i>Ekte <\/i>Rock<\/b> springer ut fra musikkmilj\u00f8et i Troms\u00f8 tilknyttet Bl\u00e5 Rock Cafe. Bl\u00e5 Rock Cafe har siden oppstarten i 1991 promotert pop, rock, folk og country av h\u00f8y kvalitet, og v\u00e6rt en tydelig arena for unge og etablerte i musikkmilj\u00f8et. Gjennom dette er det utviklet en <b>frivillig arrang\u00f8rstab<\/b> som i samarbeid med Bl\u00e5 Rock Cafe har utviklet en scene med <i>h\u00f8y kredibilitet og kvalitet<\/i>.<\/p><p>Vi har flere ganger erfart at lokale band har knyttet nettverk med, f\u00e5tt turnert med og f\u00e5tt supportjobber for nasjonale og internasjonale band, utelukkende pga jobber i regi av Bl\u00e5 Rock Cafe og Rockeklubben Ekte Rock. Vi \u00f8nsker \u00e5 tilfredsstille de nysgjerrige og de spesielt interesserte innenfor disse sjangrene med \u00e5 hente opp band som ellers ikke ville kommet til Troms\u00f8. Samtidig f\u00e5r vi vist andre musikkinteresserte troms\u00f8v\u00e6ringer at det finnes mange bra artister\/ band som man ikke h\u00f8rer p\u00e5 radioen eller leser om i media.<\/p><p>Vi \u00f8nsker \u00e5 skape en interesse blant flere og i tillegg skape en scene for de mer ukjente \u2013og lokale artistene. Det er ikke n\u00f8dvendigvis hver enkelt artist som trekker et publikum, men hele pakken utgj\u00f8r en oppdagelsesferd som er verd \u00e5 legge ut p\u00e5.<\/p>\t\t\t\t\t\t<\/div>\n\t\t\t\t<\/div>\n\t\t\t\t\t<\/div>\n\t\t<\/div>\n\t\t\t\t\t\t\t<\/div>\n\t\t<\/section>\n\t\t\t\t<section class=\"elementor-section elementor-top-section elementor-element elementor-element-9f51544 elementor-section-content-middle elementor-reverse-mobile elementor-section-boxed elementor-section-height-default elementor-section-height-default elementor-invisible\" data-id=\"9f51544\" data-element_type=\"section\" data-settings=\"{&quot;animation&quot;:&quot;fadeIn&quot;}\">\n\t\t\t\t\t\t<div class=\"elementor-container elementor-column-gap-no\">\n\t\t\t\t\t<div class=\"elementor-column elementor-col-50 elementor-top-column elementor-element elementor-element-6e8c20d\" data-id=\"6e8c20d\" data-element_type=\"column\">\n\t\t\t<div class=\"elementor-widget-wrap elementor-element-populated\">\n\t\t\t\t\t\t\t\t<div class=\"elementor-element elementor-element-8fb5436 elementor-widget elementor-widget-image\" data-id=\"8fb5436\" data-element_type=\"widget\" data-widget_type=\"image.default\">\n\t\t\t\t<div class=\"elementor-widget-container\">\n\t\t\t\t\t\t\t\t\t\t\t\t\t\t\t<img decoding=\"async\" width=\"800\" height=\"448\" src=\"https:\/\/www.blarock.no\/wp-content\/uploads\/2025\/01\/460227376_1102642998528227_2176022022504385971_n.jpg\" class=\"attachment-large size-large wp-image-6843\" alt=\"\" \/>\t\t\t\t\t\t\t\t\t\t\t\t\t\t\t<\/div>\n\t\t\t\t<\/div>\n\t\t\t\t\t<\/div>\n\t\t<\/div>\n\t\t\t\t<div class=\"elementor-column elementor-col-50 elementor-top-column elementor-element elementor-element-f9c3174\" data-id=\"f9c3174\" data-element_type=\"column\">\n\t\t\t<div class=\"elementor-widget-wrap elementor-element-populated\">\n\t\t\t\t\t\t\t\t<div class=\"elementor-element elementor-element-f3c2067 elementor-widget elementor-widget-heading\" data-id=\"f3c2067\" data-element_type=\"widget\" data-widget_type=\"heading.default\">\n\t\t\t\t<div class=\"elementor-widget-container\">\n\t\t\t<h3 class=\"elementor-heading-title elementor-size-default\">Kontaktinfo<\/h3>\t\t<\/div>\n\t\t\t\t<\/div>\n\t\t\t\t<section class=\"elementor-section elementor-inner-section elementor-element elementor-element-8ccf6ab elementor-section-boxed elementor-section-height-default elementor-section-height-default\" data-id=\"8ccf6ab\" data-element_type=\"section\">\n\t\t\t\t\t\t<div class=\"elementor-container elementor-column-gap-default\">\n\t\t\t\t\t<div class=\"elementor-column elementor-col-50 elementor-inner-column elementor-element elementor-element-0232533\" data-id=\"0232533\" data-element_type=\"column\">\n\t\t\t<div class=\"elementor-widget-wrap elementor-element-populated\">\n\t\t\t\t\t\t\t\t<div class=\"elementor-element elementor-element-632ab9d elementor-widget elementor-widget-heading\" data-id=\"632ab9d\" data-element_type=\"widget\" data-widget_type=\"heading.default\">\n\t\t\t\t<div class=\"elementor-widget-container\">\n\t\t\t<div class=\"elementor-heading-title elementor-size-default\">Rockeklubben Ekte Rock<\/div>\t\t<\/div>\n\t\t\t\t<\/div>\n\t\t\t\t<div class=\"elementor-element elementor-element-aa0201d elementor-widget elementor-widget-text-editor\" data-id=\"aa0201d\" data-element_type=\"widget\" data-widget_type=\"text-editor.default\">\n\t\t\t\t<div class=\"elementor-widget-container\">\n\t\t\t\t\t\t\t<p><span class=\"MuiTypography-root MuiTypography-body1 companyId-label mui-1nzk1nd\">Org nr.: <\/span><strong><span class=\"MuiTypography-root MuiTypography-body1 companyId-address mui-1nzk1nd\">932 596 180\u00a0<\/span><\/strong><\/p>\t\t\t\t\t\t<\/div>\n\t\t\t\t<\/div>\n\t\t\t\t\t<\/div>\n\t\t<\/div>\n\t\t\t\t<div class=\"elementor-column elementor-col-50 elementor-inner-column elementor-element elementor-element-8e3655e\" data-id=\"8e3655e\" data-element_type=\"column\">\n\t\t\t<div class=\"elementor-widget-wrap elementor-element-populated\">\n\t\t\t\t\t\t\t\t<div class=\"elementor-element elementor-element-e677281 elementor-widget elementor-widget-heading\" data-id=\"e677281\" data-element_type=\"widget\" data-widget_type=\"heading.default\">\n\t\t\t\t<div class=\"elementor-widget-container\">\n\t\t\t<div class=\"elementor-heading-title elementor-size-default\">Styreleder<\/div>\t\t<\/div>\n\t\t\t\t<\/div>\n\t\t\t\t<div class=\"elementor-element elementor-element-76c8602 elementor-widget elementor-widget-text-editor\" data-id=\"76c8602\" data-element_type=\"widget\" data-widget_type=\"text-editor.default\">\n\t\t\t\t<div class=\"elementor-widget-container\">\n\t\t\t\t\t\t\t<p>Edd Stian Sivertsen<\/p>\t\t\t\t\t\t<\/div>\n\t\t\t\t<\/div>\n\t\t\t\t\t<\/div>\n\t\t<\/div>\n\t\t\t\t\t\t\t<\/div>\n\t\t<\/section>\n\t\t\t\t<section class=\"elementor-section elementor-inner-section elementor-element elementor-element-2fbe784 elementor-section-boxed elementor-section-height-default elementor-section-height-default\" data-id=\"2fbe784\" data-element_type=\"section\">\n\t\t\t\t\t\t<div class=\"elementor-container elementor-column-gap-default\">\n\t\t\t\t\t<div class=\"elementor-column elementor-col-50 elementor-inner-column elementor-element elementor-element-1b48cf8\" data-id=\"1b48cf8\" data-element_type=\"column\">\n\t\t\t<div class=\"elementor-widget-wrap elementor-element-populated\">\n\t\t\t\t\t\t\t\t<div class=\"elementor-element elementor-element-e4f9a9a elementor-widget elementor-widget-heading\" data-id=\"e4f9a9a\" data-element_type=\"widget\" data-widget_type=\"heading.default\">\n\t\t\t\t<div class=\"elementor-widget-container\">\n\t\t\t<div class=\"elementor-heading-title elementor-size-default\">Postadresse<\/div>\t\t<\/div>\n\t\t\t\t<\/div>\n\t\t\t\t<div class=\"elementor-element elementor-element-b6aec49 elementor-widget elementor-widget-text-editor\" data-id=\"b6aec49\" data-element_type=\"widget\" data-widget_type=\"text-editor.default\">\n\t\t\t\t<div class=\"elementor-widget-container\">\n\t\t\t\t\t\t\t<p>Strandgata 14,<\/p><p>9008 Troms\u00f8<\/p>\t\t\t\t\t\t<\/div>\n\t\t\t\t<\/div>\n\t\t\t\t\t<\/div>\n\t\t<\/div>\n\t\t\t\t<div class=\"elementor-column elementor-col-50 elementor-inner-column elementor-element elementor-element-26d808e\" data-id=\"26d808e\" data-element_type=\"column\">\n\t\t\t<div class=\"elementor-widget-wrap elementor-element-populated\">\n\t\t\t\t\t\t\t\t<div class=\"elementor-element elementor-element-c0cb46a elementor-widget elementor-widget-heading\" data-id=\"c0cb46a\" data-element_type=\"widget\" data-widget_type=\"heading.default\">\n\t\t\t\t<div class=\"elementor-widget-container\">\n\t\t\t<div class=\"elementor-heading-title elementor-size-default\">Contact Us<\/div>\t\t<\/div>\n\t\t\t\t<\/div>\n\t\t\t\t<div class=\"elementor-element elementor-element-170287e elementor-widget elementor-widget-text-editor\" data-id=\"170287e\" data-element_type=\"widget\" data-widget_type=\"text-editor.default\">\n\t\t\t\t<div class=\"elementor-widget-container\">\n\t\t\t\t\t\t\t<p><span style=\"color: var( --e-global-color-0b1b75a ); font-family: var( --e-global-typography-text-font-family ), Sans-serif;\">Email : <\/span><a style=\"font-family: var( --e-global-typography-text-font-family ), Sans-serif; background-color: #ffffff;\" href=\"mailto:blarock@blarock.no\">blarock@blarock.no<\/a><\/p>\t\t\t\t\t\t<\/div>\n\t\t\t\t<\/div>\n\t\t\t\t\t<\/div>\n\t\t<\/div>\n\t\t\t\t\t\t\t<\/div>\n\t\t<\/section>\n\t\t\t\t\t<\/div>\n\t\t<\/div>\n\t\t\t\t\t\t\t<\/div>\n\t\t<\/section>\n\t\t\t\t<section class=\"elementor-section elementor-top-section elementor-element elementor-element-f41c535 elementor-section-boxed elementor-section-height-default elementor-section-height-default\" data-id=\"f41c535\" data-element_type=\"section\">\n\t\t\t\t\t\t<div class=\"elementor-container elementor-column-gap-default\">\n\t\t\t\t\t<div class=\"elementor-column elementor-col-100 elementor-top-column elementor-element elementor-element-9df1823\" data-id=\"9df1823\" data-element_type=\"column\">\n\t\t\t<div class=\"elementor-widget-wrap elementor-element-populated\">\n\t\t\t\t\t\t\t\t<div class=\"elementor-element elementor-element-e52b831 elementor-widget elementor-widget-spacer\" data-id=\"e52b831\" data-element_type=\"widget\" data-widget_type=\"spacer.default\">\n\t\t\t\t<div class=\"elementor-widget-container\">\n\t\t\t\t\t<div class=\"elementor-spacer\">\n\t\t\t<div class=\"elementor-spacer-inner\"><\/div>\n\t\t<\/div>\n\t\t\t\t<\/div>\n\t\t\t\t<\/div>\n\t\t\t\t<div class=\"elementor-element elementor-element-7f007a0 elementor-widget elementor-widget-spacer\" data-id=\"7f007a0\" data-element_type=\"widget\" data-widget_type=\"spacer.default\">\n\t\t\t\t<div class=\"elementor-widget-container\">\n\t\t\t\t\t<div class=\"elementor-spacer\">\n\t\t\t<div class=\"elementor-spacer-inner\"><\/div>\n\t\t<\/div>\n\t\t\t\t<\/div>\n\t\t\t\t<\/div>\n\t\t\t\t<div class=\"elementor-element elementor-element-58591d8 elementor-widget elementor-widget-text-editor\" data-id=\"58591d8\" data-element_type=\"widget\" data-widget_type=\"text-editor.default\">\n\t\t\t\t<div class=\"elementor-widget-container\">\n\t\t\t\t\t\t\t<p>TODAGERS FESTIVAL<\/p>\t\t\t\t\t\t<\/div>\n\t\t\t\t<\/div>\n\t\t\t\t<div class=\"elementor-element elementor-element-ad13351 elementor-widget elementor-widget-heading\" data-id=\"ad13351\" data-element_type=\"widget\" data-widget_type=\"heading.default\">\n\t\t\t\t<div class=\"elementor-widget-container\">\n\t\t\t<h1 class=\"elementor-heading-title elementor-size-large\">UTF\u00d8RR BL\u00c5ROCK<\/h1>\t\t<\/div>\n\t\t\t\t<\/div>\n\t\t\t\t<div class=\"elementor-element elementor-element-36585b8 elementor-widget elementor-widget-text-editor\" data-id=\"36585b8\" data-element_type=\"widget\" data-widget_type=\"text-editor.default\">\n\t\t\t\t<div class=\"elementor-widget-container\">\n\t\t\t\t\t\t\t<p><em>30.-31. AUGUST 2024<\/em><\/p>\t\t\t\t\t\t<\/div>\n\t\t\t\t<\/div>\n\t\t\t\t<div class=\"elementor-element elementor-element-b6392e5 elementor-widget-divider--view-line elementor-widget elementor-widget-divider\" data-id=\"b6392e5\" data-element_type=\"widget\" data-widget_type=\"divider.default\">\n\t\t\t\t<div class=\"elementor-widget-container\">\n\t\t\t\t\t<div class=\"elementor-divider\">\n\t\t\t<span class=\"elementor-divider-separator\">\n\t\t\t\t\t\t<\/span>\n\t\t<\/div>\n\t\t\t\t<\/div>\n\t\t\t\t<\/div>\n\t\t\t\t<div class=\"elementor-element elementor-element-9c5baba elementor-widget elementor-widget-spacer\" data-id=\"9c5baba\" data-element_type=\"widget\" data-widget_type=\"spacer.default\">\n\t\t\t\t<div class=\"elementor-widget-container\">\n\t\t\t\t\t<div class=\"elementor-spacer\">\n\t\t\t<div class=\"elementor-spacer-inner\"><\/div>\n\t\t<\/div>\n\t\t\t\t<\/div>\n\t\t\t\t<\/div>\n\t\t\t\t<div class=\"elementor-element elementor-element-6506ecb elementor-widget elementor-widget-text-editor\" data-id=\"6506ecb\" data-element_type=\"widget\" data-widget_type=\"text-editor.default\">\n\t\t\t\t<div class=\"elementor-widget-container\">\n\t\t\t\t\t\t\t<p><strong>Vi i &laquo;Rockeklubben Ekte Rock&raquo; er helt bl\u00e5st av suksessen til v\u00e5r aller f\u00f8rste utend\u00f8rsfestival Utf\u00f8rr Bl\u00e5rock 2024! Med to utsolgte dager og \u00e5tte fantastiske band som rocka scenen p\u00e5 fredag og l\u00f8rdag, kan vi trygt si at dette ble en fest for historieb\u00f8kene!! \ud83d\udd25<\/strong><\/p><p><span style=\"font-weight: 400;\">F\u00f8rst og fremst vil vi rette en enorm takk til alle v\u00e5re utrolige frivillige. Demmes innsats f\u00f8r, under og etter festivalen bidro til at alt gikk s\u00e5 knirkefritt. Uten d\u00e5kker hadde ikke dette v\u00e6rt mulig! En stor applaus g\u00e5r ogs\u00e5 til alle bandene som leverte noen h*lvetes bra show! Og apropos publikum \u2013 tusen takk til alle dere fantastiske folk som kom og skapte liv i gata!<\/span><\/p><p><span style=\"font-weight: 400;\">Vi vil gi en ekstra stor takk til <strong>SpareBank 1 Nord-Norge <\/strong>\/ <strong>Samfunnsl\u00f8ftet<\/strong>, de st\u00f8ttet prosjektet med hele 75.000 kr noe som bidro til at vi kunne lage denne fantastiske festivalen s\u00e5 bra som overhodet mulig!<\/span><\/p><p><span style=\"font-weight: 400;\">Flere lokale akt\u00f8rer fortjener ogs\u00e5 en stor takk:<\/span><\/p><p><span style=\"font-weight: 400;\">&#8211; <strong>Mydland<\/strong> som stilte opp med grill ute og s\u00f8rget for at ingen gikk sultne.<\/span><\/p><p><span style=\"font-weight: 400;\">&#8211; <strong>Mack <\/strong>som ordnet med utstyr til utebaren.<\/span><\/p><p><span style=\"font-weight: 400;\">&#8211; <strong>Mack Mikrobryggeri<\/strong> og spesielt Christian Riksheim, for l\u00e5n av truck og seil.<\/span><\/p><p><span style=\"font-weight: 400;\">&#8211; <strong>Storgata Camping<\/strong> for l\u00e5n av scenebarrikader.<\/span><\/p><p><span style=\"font-weight: 400;\">&#8211; <strong>Studenthuset Driv<\/strong> for l\u00e5n av franskgjerder.<\/span><\/p><p><span style=\"font-weight: 400;\">&#8211; <strong>Renta avd. Troms\u00f8<\/strong> for levering av toalettvogn og anleggsgjerder.<\/span><\/p><p><span style=\"font-weight: 400;\">&#8211; <strong>AudioNor AS<\/strong> for en fantastisk scene, lyd, lys og mannskap!<\/span><\/p><p><span style=\"font-weight: 400;\">Igjen, tusen takk til alle flotte band, samarbeidspartnere, publikummere og ikke minst alle de fantastiske frivillige som har deltatt for \u00e5 f\u00e5 tidenes f\u00f8rste Utf\u00f8rrfestival i boks! Vi ses igjen til neste \u00e5r!<\/span><\/p><p><strong>Stay Sick!<br \/><\/strong><em>Hilsen alle oss i <strong>Rockeklubben Ekte Rock<\/strong> \/ <strong>Bl\u00e5rock Caf\u00e9<\/strong><\/em><\/p>\t\t\t\t\t\t<\/div>\n\t\t\t\t<\/div>\n\t\t\t\t\t<\/div>\n\t\t<\/div>\n\t\t\t\t\t\t\t<\/div>\n\t\t<\/section>\n\t\t\t\t\t\t\t<\/div>","protected":false},"excerpt":{"rendered":"<p>FORENINGEN Rockeklubben Ekte Rock Om foreningen Rockeklubben Ekte Rock springer ut fra musikkmilj\u00f8et i Troms\u00f8 tilknyttet Bl\u00e5 Rock Cafe. Bl\u00e5 Rock Cafe har siden oppstarten i 1991 promotert pop, rock, folk og country av h\u00f8y kvalitet, og v\u00e6rt en tydelig arena for unge og etablerte i musikkmilj\u00f8et. Gjennom dette er det utviklet en frivillig arrang\u00f8rstab [&hellip;]<\/p>","protected":false},"author":1,"featured_media":0,"parent":0,"menu_order":0,"comment_status":"closed","ping_status":"closed","template":"","meta":{"footnotes":""},"_links":{"self":[{"href":"https:\/\/www.blarock.no\/en\/wp-json\/wp\/v2\/pages\/6829"}],"collection":[{"href":"https:\/\/www.blarock.no\/en\/wp-json\/wp\/v2\/pages"}],"about":[{"href":"https:\/\/www.blarock.no\/en\/wp-json\/wp\/v2\/types\/page"}],"author":[{"embeddable":true,"href":"https:\/\/www.blarock.no\/en\/wp-json\/wp\/v2\/users\/1"}],"replies":[{"embeddable":true,"href":"https:\/\/www.blarock.no\/en\/wp-json\/wp\/v2\/comments?post=6829"}],"version-history":[{"count":13,"href":"https:\/\/www.blarock.no\/en\/wp-json\/wp\/v2\/pages\/6829\/revisions"}],"predecessor-version":[{"id":6852,"href":"https:\/\/www.blarock.no\/en\/wp-json\/wp\/v2\/pages\/6829\/revisions\/6852"}],"wp:attachment":[{"href":"https:\/\/www.blarock.no\/en\/wp-json\/wp\/v2\/media?parent=6829"}],"curies":[{"name":"wp","href":"https:\/\/api.w.org\/{rel}","templated":true}]}}