{"id":648,"date":"2021-01-29T18:53:06","date_gmt":"2021-01-29T17:53:06","guid":{"rendered":"http:\/\/www.blarock.no\/?page_id=648"},"modified":"2025-05-23T16:38:01","modified_gmt":"2025-05-23T14:38:01","slug":"book-bord","status":"publish","type":"page","link":"https:\/\/www.blarock.no\/en\/book-bord\/","title":{"rendered":"Book a table"},"content":{"rendered":"<div data-elementor-type=\"wp-page\" data-elementor-id=\"648\" class=\"elementor elementor-648\" data-elementor-post-type=\"page\">\n\t\t\t\t\t\t\t\t\t<section class=\"elementor-section elementor-top-section elementor-element elementor-element-960f366 elementor-section-boxed elementor-section-height-default elementor-section-height-default\" data-id=\"960f366\" data-element_type=\"section\">\n\t\t\t\t\t\t<div class=\"elementor-container elementor-column-gap-default\">\n\t\t\t\t\t<div class=\"elementor-column elementor-col-50 elementor-top-column elementor-element elementor-element-81d2b3e\" data-id=\"81d2b3e\" data-element_type=\"column\">\n\t\t\t<div class=\"elementor-widget-wrap elementor-element-populated\">\n\t\t\t\t\t\t\t\t<div class=\"elementor-element elementor-element-55355b7a elementor-widget elementor-widget-heading\" data-id=\"55355b7a\" data-element_type=\"widget\" data-widget_type=\"heading.default\">\n\t\t\t\t<div class=\"elementor-widget-container\">\n\t\t\t<h1 class=\"elementor-heading-title elementor-size-large\">Book a table<\/h1>\t\t<\/div>\n\t\t\t\t<\/div>\n\t\t\t\t<div class=\"elementor-element elementor-element-8562db4 elementor-widget elementor-widget-text-editor\" data-id=\"8562db4\" data-element_type=\"widget\" data-widget_type=\"text-editor.default\">\n\t\t\t\t<div class=\"elementor-widget-container\">\n\t\t\t\t\t\t\t<p>Having problems with your reservation?\u00a0Contact us by phone: <a href=\"tel:777610020\">77 61 00 20<\/a> or chat with us by tapping the chat icon!<\/p><p><em><strong>NOTE: <\/strong><strong><em>The confirmation email<\/em> is sometimes marked as \"spam\", so please check your spam inbox.<\/strong><\/em><\/p><p><em><strong>Hvis reservasjonen din ble automatisk godkjent, s\u00e5 trenger du ikke \u00e5 vente p\u00e5 bekreftelse p\u00e5 mail.<\/strong><\/em><\/p>\t\t\t\t\t\t<\/div>\n\t\t\t\t<\/div>\n\t\t\t\t<div class=\"elementor-element elementor-element-a910d72 elementor-widget elementor-widget-wp-widget-rtb_booking_form_widget\" data-id=\"a910d72\" data-element_type=\"widget\" data-widget_type=\"wp-widget-rtb_booking_form_widget.default\">\n\t\t\t\t<div class=\"elementor-widget-container\">\n\t\t\t\n\t<script type=\"text\/javascript\">\n        var ajaxurl = 'https:\/\/www.blarock.no\/wp-admin\/admin-ajax.php';\n    <\/script>\n\n    <style>#rtb-time_root .picker__list .picker__list-item.picker__list-item--disabled { display: none; }.rtb-booking-form fieldset legend { font-size: 2em !important; }.rtb-booking-form fieldset legend { color: #0080c1 !important; }.rtb-booking-form .add-message a { background-color: #e4e4e4 !important; border-color: #e4e4e4 !important; padding: 6px 12px !important; }.rtb-booking-form .add-message a { color: #000000 !important; }.rtb-booking-form .add-message a:hover { color: #0080c1 !important; }.rtb-booking-form form button { background-color: #0080c1 !important; border-color: #0080c1 !important; padding: 13px 28px !important; }.rtb-booking-form form button:hover { background-color: #e4e4e4 !important; border-color: #e4e4e4 !important; }.rtb-booking-form form button { color: #ffffff !important; }.rtb-booking-form form button:hover { color: #0080c1 !important; }<\/style>\n    \n<div class=\"rtb-booking-form\">\n\t\n\t\n\t\n\t\n\t<form method=\"POST\" action=\"https:\/\/www.blarock.no\/en\/reservasjoner\/\" class=\"rtb-booking-form-form\" data-trp-original-action=\"https:\/\/www.blarock.no\/en\/reservasjoner\/\">\n\t\t<input type=\"hidden\" name=\"action\" value=\"booking_request\">\n\n\t\t\n\t\t\n\t\t\n\t\t\t\t<fieldset class=\"reservation\">\n\n\t\t\t\t\t\t<legend >\n\t\t\t\tReserve a table\t\t\t<\/legend>\n\t\t\t\n\t\t\t\n\t<div class=\"rtb-text date\">\n\t\t\t\t<label for=\"rtb-date\">\n\t\t\tDate\t\t<\/label>\n\t\t<input type=\"text\" name=\"rtb-date\" id=\"rtb-date\" value=\"\" required aria-required=\"true\">\n\t<\/div>\n\n\t\n\t<div class=\"rtb-text time\">\n\t\t\t\t<label for=\"rtb-time\">\n\t\t\tTime\t\t<\/label>\n\t\t<input type=\"text\" name=\"rtb-time\" id=\"rtb-time\" value=\"\" required aria-required=\"true\">\n\t<\/div>\n\n\t\n\t<div class=\"rtb-select party\">\n\t\t\t\t<label for=\"rtb-party\">\n\t\t\tNumber of people\t\t<\/label>\n\t\t<select name=\"rtb-party\" id=\"rtb-party\" required aria-required=\"true\"  data-selected=\"\">\n\t\t\t\t\t\t\t\t\t<option value=\"2\" >2<\/option>\n\t\t\t\t\t\t<option value=\"3\" >3<\/option>\n\t\t\t\t\t\t<option value=\"4\" >4<\/option>\n\t\t\t\t\t\t<option value=\"5\" >5<\/option>\n\t\t\t\t\t\t<option value=\"6\" >6<\/option>\n\t\t\t\t\t\t<option value=\"7\" >7<\/option>\n\t\t\t\t\t\t<option value=\"8\" >8<\/option>\n\t\t\t\t\t\t<option value=\"9\" >9<\/option>\n\t\t\t\t\t\t<option value=\"10\" >10<\/option>\n\t\t\t\t\t\t<option value=\"11\" >11<\/option>\n\t\t\t\t\t\t<option value=\"12\" >12<\/option>\n\t\t\t\t\t\t<option value=\"13\" >13<\/option>\n\t\t\t\t\t\t<option value=\"14\" >14<\/option>\n\t\t\t\t\t\t<option value=\"15\" >15<\/option>\n\t\t\t\t\t\t<option value=\"16\" >16<\/option>\n\t\t\t\t\t\t<option value=\"17\" >17<\/option>\n\t\t\t\t\t\t<option value=\"18\" >18<\/option>\n\t\t\t\t\t\t<option value=\"19\" >19<\/option>\n\t\t\t\t\t\t<option value=\"20\" >20<\/option>\n\t\t\t\t\t\t<option value=\"21\" >21<\/option>\n\t\t\t\t\t\t<option value=\"22\" >22<\/option>\n\t\t\t\t\t\t<option value=\"23\" >23<\/option>\n\t\t\t\t\t\t<option value=\"24\" >24<\/option>\n\t\t\t\t\t\t<option value=\"25\" >25<\/option>\n\t\t\t\t\t\t<option value=\"26\" >26<\/option>\n\t\t\t\t\t\t<option value=\"27\" >27<\/option>\n\t\t\t\t\t\t<option value=\"28\" >28<\/option>\n\t\t\t\t\t\t<option value=\"29\" >29<\/option>\n\t\t\t\t\t\t<option value=\"30\" >30<\/option>\n\t\t\t\t\t\t<option value=\"31\" >31<\/option>\n\t\t\t\t\t\t<option value=\"32\" >32<\/option>\n\t\t\t\t\t\t<option value=\"33\" >33<\/option>\n\t\t\t\t\t\t<option value=\"34\" >34<\/option>\n\t\t\t\t\t\t<option value=\"35\" >35<\/option>\n\t\t\t\t\t\t<option value=\"36\" >36<\/option>\n\t\t\t\t\t\t<option value=\"37\" >37<\/option>\n\t\t\t\t\t\t<option value=\"38\" >38<\/option>\n\t\t\t\t\t\t<option value=\"39\" >39<\/option>\n\t\t\t\t\t\t<option value=\"40\" >40<\/option>\n\t\t\t\t\t<\/select>\n\t<\/div>\n\n\t\n\t<div class=\"rtb-select skal-dere-spise\">\n\t\t\t\t<label for=\"rtb-skal-dere-spise\">\n\t\t\tDo you wish to eat?\t\t<\/label>\n\t\t<select name=\"rtb-skal-dere-spise\" id=\"rtb-skal-dere-spise\"  data-selected=\"\">\n\t\t\t\t\t\t\t\t\t<option value=\"2\" ><\/option>\n\t\t\t\t\t\t<option value=\"0\" >Yes<\/option>\n\t\t\t\t\t\t<option value=\"1\" >No<\/option>\n\t\t\t\t\t<\/select>\n\t<\/div>\n\n\t\t\t<\/fieldset>\n\t\t\t\t<fieldset class=\"rtb-contact\">\n\n\t\t\t\t\t\t<legend >\n\t\t\t\tContact Details\t\t\t<\/legend>\n\t\t\t\n\t\t\t\n\t<div class=\"rtb-text name\">\n\t\t\t\t<label for=\"rtb-name\">\n\t\t\tName\t\t<\/label>\n\t\t<input type=\"text\" name=\"rtb-name\" id=\"rtb-name\" value=\"\" required aria-required=\"true\">\n\t<\/div>\n\n\t\n\t<div class=\"rtb-text email\">\n\t\t\t\t<label for=\"rtb-email\">\n\t\t\tEmail\t\t<\/label>\n\t\t<input type=\"email\" name=\"rtb-email\" id=\"rtb-email\" value=\"\" required aria-required=\"true\">\n\t<\/div>\n\n\t\n\t<div class=\"rtb-text phone\">\n\t\t\t\t<label for=\"rtb-phone\">\n\t\t\tPhone\t\t<\/label>\n\t\t<input type=\"tel\" name=\"rtb-phone\" id=\"rtb-phone\" value=\"\">\n\t<\/div>\n\n\t\n\t<div class=\"add-message\">\n\t\t<a href=\"#\">\n\t\t\tAdd a Message\t\t<\/a>\n\t<\/div>\n\n\t\n\t<div class=\"rtb-textarea message\">\n\t\t\t\t<label for=\"rtb-message\">\n\t\t\tMessage\t\t<\/label>\n\t\t<textarea name=\"rtb-message\" id=\"rtb-message\"><\/textarea>\n\t<\/div>\n\n\t\t\t<\/fieldset>\n\t\t\n\t\t\n\t\t<fieldset class=\"rtb-form-footer\">\n\t\t\t<div id='rtb_recaptcha'><\/div>\n\t\t\t\n\t\t\t<div class=\"rtb-form-submit\"><button type=\"submit\">Request Booking<\/button><\/div>\t\t<\/fieldset>\n\n\n\t<input type=\"hidden\" name=\"trp-form-language\" value=\"en\"\/><\/form>\n\n\t\n\t\n\t<\/div>\n\n\t\t\t<\/div>\n\t\t\t\t<\/div>\n\t\t\t\t\t<\/div>\n\t\t<\/div>\n\t\t\t\t<div class=\"elementor-column elementor-col-50 elementor-top-column elementor-element elementor-element-2541a4f7\" data-id=\"2541a4f7\" data-element_type=\"column\">\n\t\t\t<div class=\"elementor-widget-wrap elementor-element-populated\">\n\t\t\t\t\t\t\t\t<div class=\"elementor-element elementor-element-d118413 elementor-cta--skin-cover elementor-bg-transform elementor-bg-transform-zoom-out elementor-widget elementor-widget-call-to-action\" data-id=\"d118413\" data-element_type=\"widget\" data-widget_type=\"call-to-action.default\">\n\t\t\t\t<div class=\"elementor-widget-container\">\n\t\t\t\t\t<div class=\"elementor-cta\">\n\t\t\t\t\t<div class=\"elementor-cta__bg-wrapper\">\n\t\t\t\t<div class=\"elementor-cta__bg elementor-bg\" style=\"background-image: url(https:\/\/www.blarock.no\/wp-content\/uploads\/2021\/01\/84657912_10157998186404099_1730876089485492224_o-1.jpg);\" role=\"img\" aria-label=\"84657912_10157998186404099_1730876089485492224_o\"><\/div>\n\t\t\t\t<div class=\"elementor-cta__bg-overlay\"><\/div>\n\t\t\t<\/div>\n\t\t\t\t\t\t\t<div class=\"elementor-cta__content\">\n\t\t\t\t\n\t\t\t\t\t\t\t\t\t<h2 class=\"elementor-cta__title elementor-cta__content-item elementor-content-item\">\n\t\t\t\t\t\tEat your heart out at Bl\u00e5rock\t\t\t\t\t<\/h2>\n\t\t\t\t\n\t\t\t\t\n\t\t\t\t\t\t\t\t\t<div class=\"elementor-cta__button-wrapper elementor-cta__content-item elementor-content-item\">\n\t\t\t\t\t<a class=\"elementor-cta__button elementor-button elementor-size-lg\" href=\"https:\/\/www.blarock.no\/en\/meny\/ \/\">\n\t\t\t\t\t\tSee our menu\t\t\t\t\t<\/a>\n\t\t\t\t\t<\/div>\n\t\t\t\t\t\t\t<\/div>\n\t\t\t\t\t\t<\/div>\n\t\t\t\t<\/div>\n\t\t\t\t<\/div>\n\t\t\t\t<section class=\"elementor-section elementor-inner-section elementor-element elementor-element-579282e elementor-section-boxed elementor-section-height-default elementor-section-height-default\" data-id=\"579282e\" data-element_type=\"section\">\n\t\t\t\t\t\t<div class=\"elementor-container elementor-column-gap-default\">\n\t\t\t\t\t<div class=\"elementor-column elementor-col-50 elementor-inner-column elementor-element elementor-element-fd223ca\" data-id=\"fd223ca\" data-element_type=\"column\">\n\t\t\t<div class=\"elementor-widget-wrap elementor-element-populated\">\n\t\t\t\t\t\t\t\t<div class=\"elementor-element elementor-element-5adde08 elementor-widget elementor-widget-image\" data-id=\"5adde08\" data-element_type=\"widget\" data-widget_type=\"image.default\">\n\t\t\t\t<div class=\"elementor-widget-container\">\n\t\t\t\t\t\t\t\t\t\t\t\t\t\t\t\t<a href=\"https:\/\/www.mydland.no\/\" target=\"_blank\">\n\t\t\t\t\t\t\t<img decoding=\"async\" width=\"199\" height=\"98\" src=\"https:\/\/www.blarock.no\/wp-content\/uploads\/2021\/01\/logo.png\" class=\"attachment-medium_large size-medium_large wp-image-972\" alt=\"\" \/>\t\t\t\t\t\t\t\t<\/a>\n\t\t\t\t\t\t\t\t\t\t\t\t\t\t\t<\/div>\n\t\t\t\t<\/div>\n\t\t\t\t\t<\/div>\n\t\t<\/div>\n\t\t\t\t<div class=\"elementor-column elementor-col-50 elementor-inner-column elementor-element elementor-element-e5c54c9\" data-id=\"e5c54c9\" data-element_type=\"column\">\n\t\t\t<div class=\"elementor-widget-wrap elementor-element-populated\">\n\t\t\t\t\t\t\t\t<div class=\"elementor-element elementor-element-b0fd76b elementor-widget elementor-widget-image\" data-id=\"b0fd76b\" data-element_type=\"widget\" data-widget_type=\"image.default\">\n\t\t\t\t<div class=\"elementor-widget-container\">\n\t\t\t\t\t\t\t\t\t\t\t\t\t\t\t<img decoding=\"async\" width=\"199\" height=\"94\" src=\"https:\/\/www.blarock.no\/wp-content\/uploads\/2021\/01\/steike-logo.png\" class=\"attachment-medium size-medium wp-image-971\" alt=\"\" \/>\t\t\t\t\t\t\t\t\t\t\t\t\t\t\t<\/div>\n\t\t\t\t<\/div>\n\t\t\t\t\t<\/div>\n\t\t<\/div>\n\t\t\t\t\t\t\t<\/div>\n\t\t<\/section>\n\t\t\t\t<section class=\"elementor-section elementor-inner-section elementor-element elementor-element-68d9308 elementor-section-boxed elementor-section-height-default elementor-section-height-default\" data-id=\"68d9308\" data-element_type=\"section\">\n\t\t\t\t\t\t<div class=\"elementor-container elementor-column-gap-default\">\n\t\t\t\t\t<div class=\"elementor-column elementor-col-50 elementor-inner-column elementor-element elementor-element-7ba76a84\" data-id=\"7ba76a84\" data-element_type=\"column\">\n\t\t\t<div class=\"elementor-widget-wrap elementor-element-populated\">\n\t\t\t\t\t\t\t\t<div class=\"elementor-element elementor-element-3b78eda9 elementor-widget elementor-widget-heading\" data-id=\"3b78eda9\" data-element_type=\"widget\" data-widget_type=\"heading.default\">\n\t\t\t\t<div class=\"elementor-widget-container\">\n\t\t\t<h2 class=\"elementor-heading-title elementor-size-default\">Address: \n<\/h2>\t\t<\/div>\n\t\t\t\t<\/div>\n\t\t\t\t<div class=\"elementor-element elementor-element-6e89921 elementor-widget elementor-widget-text-editor\" data-id=\"6e89921\" data-element_type=\"widget\" data-widget_type=\"text-editor.default\">\n\t\t\t\t<div class=\"elementor-widget-container\">\n\t\t\t\t\t\t\t<p>Strandgata 14,<\/p><p>9008 Troms\u00f8<\/p>\t\t\t\t\t\t<\/div>\n\t\t\t\t<\/div>\n\t\t\t\t\t<\/div>\n\t\t<\/div>\n\t\t\t\t<div class=\"elementor-column elementor-col-50 elementor-inner-column elementor-element elementor-element-6db0341\" data-id=\"6db0341\" data-element_type=\"column\">\n\t\t\t<div class=\"elementor-widget-wrap elementor-element-populated\">\n\t\t\t\t\t\t\t\t<div class=\"elementor-element elementor-element-fa6606b elementor-widget elementor-widget-heading\" data-id=\"fa6606b\" data-element_type=\"widget\" data-widget_type=\"heading.default\">\n\t\t\t\t<div class=\"elementor-widget-container\">\n\t\t\t<h2 class=\"elementor-heading-title elementor-size-default\">The kitchen's Opening hours<\/h2>\t\t<\/div>\n\t\t\t\t<\/div>\n\t\t\t\t<div class=\"elementor-element elementor-element-17cabd0 elementor-widget elementor-widget-text-editor\" data-id=\"17cabd0\" data-element_type=\"widget\" data-widget_type=\"text-editor.default\">\n\t\t\t\t<div class=\"elementor-widget-container\">\n\t\t\t\t\t\t\t<p>Monday - Saturday: 11:30 - 23:00<\/p><p>Sunday: 13:30 - 02:00<\/p>\t\t\t\t\t\t<\/div>\n\t\t\t\t<\/div>\n\t\t\t\t\t<\/div>\n\t\t<\/div>\n\t\t\t\t\t\t\t<\/div>\n\t\t<\/section>\n\t\t\t\t<section class=\"elementor-section elementor-inner-section elementor-element elementor-element-156d6cbd elementor-section-boxed elementor-section-height-default elementor-section-height-default\" data-id=\"156d6cbd\" data-element_type=\"section\">\n\t\t\t\t\t\t<div class=\"elementor-container elementor-column-gap-default\">\n\t\t\t\t\t<div class=\"elementor-column elementor-col-100 elementor-inner-column elementor-element elementor-element-da60dbe\" data-id=\"da60dbe\" data-element_type=\"column\">\n\t\t\t<div class=\"elementor-widget-wrap elementor-element-populated\">\n\t\t\t\t\t\t\t\t<div class=\"elementor-element elementor-element-b7cdd9f elementor-widget elementor-widget-google_maps\" data-id=\"b7cdd9f\" data-element_type=\"widget\" data-widget_type=\"google_maps.default\">\n\t\t\t\t<div class=\"elementor-widget-container\">\n\t\t\t\t\t<div class=\"elementor-custom-embed\">\n\t\t\t<iframe loading=\"lazy\"\n\t\t\t\t\tsrc=\"https:\/\/maps.google.com\/maps?q=Bl%C3%A5rock%20Cafe&#038;t=m&#038;z=15&#038;output=embed&#038;iwloc=near\"\n\t\t\t\t\ttitle=\"Bl\u00e5rock Cafe\"\n\t\t\t\t\taria-label=\"Bl\u00e5rock Cafe\"\n\t\t\t><\/iframe>\n\t\t<\/div>\n\t\t\t\t<\/div>\n\t\t\t\t<\/div>\n\t\t\t\t\t<\/div>\n\t\t<\/div>\n\t\t\t\t\t\t\t<\/div>\n\t\t<\/section>\n\t\t\t\t\t<\/div>\n\t\t<\/div>\n\t\t\t\t\t\t\t<\/div>\n\t\t<\/section>\n\t\t\t\t<section class=\"elementor-section elementor-top-section elementor-element elementor-element-25e05665 elementor-section-content-middle elementor-reverse-mobile elementor-section-boxed elementor-section-height-default elementor-section-height-default\" data-id=\"25e05665\" data-element_type=\"section\">\n\t\t\t\t\t\t<div class=\"elementor-container elementor-column-gap-no\">\n\t\t\t\t\t\t\t\t<\/div>\n\t\t<\/section>\n\t\t\t\t<section class=\"elementor-section elementor-top-section elementor-element elementor-element-354cba9 elementor-section-boxed elementor-section-height-default elementor-section-height-default\" data-id=\"354cba9\" data-element_type=\"section\">\n\t\t\t\t\t\t<div class=\"elementor-container elementor-column-gap-default\">\n\t\t\t\t\t<div class=\"elementor-column elementor-col-100 elementor-top-column elementor-element elementor-element-fa6d1c3\" data-id=\"fa6d1c3\" data-element_type=\"column\">\n\t\t\t<div class=\"elementor-widget-wrap\">\n\t\t\t\t\t\t\t\t\t<\/div>\n\t\t<\/div>\n\t\t\t\t\t\t\t<\/div>\n\t\t<\/section>\n\t\t\t\t\t\t\t<\/div>","protected":false},"excerpt":{"rendered":"<p>Book bord Har du problemer med din reservasjon?\u00a0Ta kontakt med oss p\u00e5 telefon 77 61 00 20 eller chat med oss via \u00e5 trykke p\u00e5 chat-ikonet! OBS: Bekreftelsesmailen blir noen ganger merket som &laquo;spam&raquo;, s\u00e5 pr\u00f8v \u00e5 sjekke spam-innboksen din hvis du ikke har mottatt noe. Hvis reservasjonen din ble automatisk godkjent, s\u00e5 trenger du [&hellip;]<\/p>","protected":false},"author":1,"featured_media":0,"parent":0,"menu_order":0,"comment_status":"closed","ping_status":"closed","template":"","meta":{"footnotes":""},"_links":{"self":[{"href":"https:\/\/www.blarock.no\/en\/wp-json\/wp\/v2\/pages\/648"}],"collection":[{"href":"https:\/\/www.blarock.no\/en\/wp-json\/wp\/v2\/pages"}],"about":[{"href":"https:\/\/www.blarock.no\/en\/wp-json\/wp\/v2\/types\/page"}],"author":[{"embeddable":true,"href":"https:\/\/www.blarock.no\/en\/wp-json\/wp\/v2\/users\/1"}],"replies":[{"embeddable":true,"href":"https:\/\/www.blarock.no\/en\/wp-json\/wp\/v2\/comments?post=648"}],"version-history":[{"count":70,"href":"https:\/\/www.blarock.no\/en\/wp-json\/wp\/v2\/pages\/648\/revisions"}],"predecessor-version":[{"id":7317,"href":"https:\/\/www.blarock.no\/en\/wp-json\/wp\/v2\/pages\/648\/revisions\/7317"}],"wp:attachment":[{"href":"https:\/\/www.blarock.no\/en\/wp-json\/wp\/v2\/media?parent=648"}],"curies":[{"name":"wp","href":"https:\/\/api.w.org\/{rel}","templated":true}]}}