{"id":6097,"date":"2024-08-12T14:54:15","date_gmt":"2024-08-12T12:54:15","guid":{"rendered":"https:\/\/www.blarock.no\/?page_id=6097"},"modified":"2024-08-15T09:06:44","modified_gmt":"2024-08-15T07:06:44","slug":"line-saus","status":"publish","type":"page","link":"https:\/\/www.blarock.no\/en\/utforr\/line-saus\/","title":{"rendered":"Line Saus"},"content":{"rendered":"<div data-elementor-type=\"wp-page\" data-elementor-id=\"6097\" class=\"elementor elementor-6097\" data-elementor-post-type=\"page\">\n\t\t\t\t\t\t\t\t\t<section class=\"elementor-section elementor-top-section elementor-element elementor-element-5d6613e elementor-section-height-full animated-fast elementor-section-boxed elementor-section-height-default elementor-section-items-middle elementor-invisible\" data-id=\"5d6613e\" data-element_type=\"section\" data-settings=\"{&quot;background_background&quot;:&quot;classic&quot;,&quot;animation&quot;:&quot;fadeIn&quot;,&quot;animation_mobile&quot;:&quot;none&quot;,&quot;background_motion_fx_motion_fx_scrolling&quot;:&quot;yes&quot;,&quot;background_motion_fx_translateY_effect&quot;:&quot;yes&quot;,&quot;background_motion_fx_translateY_speed&quot;:{&quot;unit&quot;:&quot;px&quot;,&quot;size&quot;:4,&quot;sizes&quot;:[]},&quot;background_motion_fx_translateY_affectedRange&quot;:{&quot;unit&quot;:&quot;%&quot;,&quot;size&quot;:&quot;&quot;,&quot;sizes&quot;:{&quot;start&quot;:0,&quot;end&quot;:100}},&quot;background_motion_fx_devices&quot;:[&quot;desktop&quot;,&quot;tablet&quot;,&quot;mobile&quot;]}\">\n\t\t\t\t\t\t\t<div class=\"elementor-background-overlay\"><\/div>\n\t\t\t\t\t\t\t<div class=\"elementor-container elementor-column-gap-default\">\n\t\t\t\t\t<div class=\"elementor-column elementor-col-100 elementor-top-column elementor-element elementor-element-d0b7e50\" data-id=\"d0b7e50\" data-element_type=\"column\">\n\t\t\t<div class=\"elementor-widget-wrap elementor-element-populated\">\n\t\t\t\t\t\t\t\t<div class=\"elementor-element elementor-element-34666d7 elementor-widget elementor-widget-spacer\" data-id=\"34666d7\" data-element_type=\"widget\" data-widget_type=\"spacer.default\">\n\t\t\t\t<div class=\"elementor-widget-container\">\n\t\t\t\t\t<div class=\"elementor-spacer\">\n\t\t\t<div class=\"elementor-spacer-inner\"><\/div>\n\t\t<\/div>\n\t\t\t\t<\/div>\n\t\t\t\t<\/div>\n\t\t\t\t<div class=\"elementor-element elementor-element-68c8f31 elementor-widget elementor-widget-heading\" data-id=\"68c8f31\" data-element_type=\"widget\" data-widget_type=\"heading.default\">\n\t\t\t\t<div class=\"elementor-widget-container\">\n\t\t\t<h1 class=\"elementor-heading-title elementor-size-large\">UTF\u00d8RR BL\u00c5ROCK<\/h1>\t\t<\/div>\n\t\t\t\t<\/div>\n\t\t\t\t<div class=\"elementor-element elementor-element-9cd4b38 elementor-widget elementor-widget-text-editor\" data-id=\"9cd4b38\" data-element_type=\"widget\" data-widget_type=\"text-editor.default\">\n\t\t\t\t<div class=\"elementor-widget-container\">\n\t\t\t\t\t\t\t<p>LINE SAUS<\/p>\t\t\t\t\t\t<\/div>\n\t\t\t\t<\/div>\n\t\t\t\t<div class=\"elementor-element elementor-element-fd268a1 elementor-widget elementor-widget-text-editor\" data-id=\"fd268a1\" data-element_type=\"widget\" data-widget_type=\"text-editor.default\">\n\t\t\t\t<div class=\"elementor-widget-container\">\n\t\t\t\t\t\t\t<p><em><b>L\u00d8RDAG <\/b>31. AUGUST | 17:00<\/em><\/p>\t\t\t\t\t\t<\/div>\n\t\t\t\t<\/div>\n\t\t\t\t<div class=\"elementor-element elementor-element-7192fe2 elementor-widget__width-initial elementor-widget elementor-widget-spacer\" data-id=\"7192fe2\" data-element_type=\"widget\" data-widget_type=\"spacer.default\">\n\t\t\t\t<div class=\"elementor-widget-container\">\n\t\t\t\t\t<div class=\"elementor-spacer\">\n\t\t\t<div class=\"elementor-spacer-inner\"><\/div>\n\t\t<\/div>\n\t\t\t\t<\/div>\n\t\t\t\t<\/div>\n\t\t\t\t\t<\/div>\n\t\t<\/div>\n\t\t\t\t\t\t\t<\/div>\n\t\t<\/section>\n\t\t\t\t<section class=\"elementor-section elementor-top-section elementor-element elementor-element-902b2d8 elementor-section-boxed elementor-section-height-default elementor-section-height-default\" data-id=\"902b2d8\" data-element_type=\"section\">\n\t\t\t\t\t\t<div class=\"elementor-container elementor-column-gap-default\">\n\t\t\t\t\t<div class=\"elementor-column elementor-col-100 elementor-top-column elementor-element elementor-element-88f5527\" data-id=\"88f5527\" data-element_type=\"column\">\n\t\t\t<div class=\"elementor-widget-wrap elementor-element-populated\">\n\t\t\t\t\t\t\t\t<div class=\"elementor-element elementor-element-4fa3aaa elementor-widget elementor-widget-spacer\" data-id=\"4fa3aaa\" data-element_type=\"widget\" data-widget_type=\"spacer.default\">\n\t\t\t\t<div class=\"elementor-widget-container\">\n\t\t\t\t\t<div class=\"elementor-spacer\">\n\t\t\t<div class=\"elementor-spacer-inner\"><\/div>\n\t\t<\/div>\n\t\t\t\t<\/div>\n\t\t\t\t<\/div>\n\t\t\t\t<div class=\"elementor-element elementor-element-e78fbe4 elementor-widget elementor-widget-heading\" data-id=\"e78fbe4\" data-element_type=\"widget\" data-widget_type=\"heading.default\">\n\t\t\t\t<div class=\"elementor-widget-container\">\n\t\t\t<h2 class=\"elementor-heading-title elementor-size-default\">Line Saus<\/h2>\t\t<\/div>\n\t\t\t\t<\/div>\n\t\t\t\t<div class=\"elementor-element elementor-element-20ba3b1 elementor-widget elementor-widget-text-editor\" data-id=\"20ba3b1\" data-element_type=\"widget\" data-widget_type=\"text-editor.default\">\n\t\t\t\t<div class=\"elementor-widget-container\">\n\t\t\t\t\t\t\t<p>I skj\u00e6ringspunktet mellom Rock og Gotisk Americana finner vi artisten Line Saus.<br \/>Vokalisten, gitaristen og l\u00e5tskriveren fra Troms\u00f8 blir beskrevet som \u00e5 levere melankolske og mollstemte l\u00e5ter som veksler mellom behag og ubehag. Det engleaktige f\u00e5r det djevelske til \u00e5 brenne klarere. Det er ild og svovel, fortapelse og d\u00f8dssynd\u00bb ( Sojtaric. 2019. Nordlys)<br \/><br \/>Som l\u00e6rer p\u00e5 dagtid, og artist p\u00e5 kveldstid, har Line spilt i ulike rockeband som blant annet Pulp Vixen og John Walkers. Saus har ogs\u00e5 hatt flere samarbeidsprosjekt med andre artister, deriblant norsk- amerikaneren Mark Steiner. Med seg p\u00e5 scenen har hun de uvurderlige medsammensvorne \u00abWaltzmen\u00bb; H\u00e5vard Stangnes (The Northern Lies, 666, Badger), Truls Norbye (Cult Member, Kobol) og Torbj\u00f8rn Rogde (Juggelers Head, Bats of Congress) som danner en essensiell ramme og stemning rundt l\u00e5tene.<br \/>De gitarbaserte l\u00e5tene befinner seg ofte i et bl\u00e5tt univers. Murder Balladen\u201d Six Feet Under\u201d, featuring Mark Steiner (2018), ble av \u00abThe Willhelmsen\u00bb (2018) beskrevet som \u00aben av de beste som noensinne er lagd av et Troms\u00f8-band\u00bb. L\u00e5ta markerte ogs\u00e5 starten p\u00e5 solokarrieren.<br \/><br \/>I november 2018 kom p\u00e5f\u00f8lgende Ep`n \u201dDown the Hole\u201d (Lunheim Gramofon 2018), som \u00e5pnet opp for flere festivaljobber.<br \/>Saus og gjengen er for tiden i studio og snart aktuell med nytt album og oppf\u00f8lgeren til albumet \u00abWaltz in the Vapor\u00bb (Fajo Music 2021), som ble av Helge Skog beskrevet som \u00aben alvorlig bra debut\u00bb i spalten Feedback i avisa Itroms\u00f8 (2021), og trillet inn en solid femmer. Albumet videref\u00f8rte stemninger fra tidligere utgivelser, der det veksler raskt mellom solskinn og polart lavtrykk. Artister som Mazzy Star og Nancy Sinatra er blitt trukket fram som referanser. I Sivert Henriksens miks har ogs\u00e5 denne utgivelsen \u00e5penbare tr\u00e5der til 60-tallet og dets lydbilde og dramaturgi, som veksler mellom det sarte og det intense.<br \/>Det er bare \u00e5 la seg behage eller uroe\u2026\u2026<\/p>\t\t\t\t\t\t<\/div>\n\t\t\t\t<\/div>\n\t\t\t\t<div class=\"elementor-element elementor-element-22a14fc elementor-widget elementor-widget-wp-widget-custom_html\" data-id=\"22a14fc\" data-element_type=\"widget\" data-widget_type=\"wp-widget-custom_html.default\">\n\t\t\t\t<div class=\"elementor-widget-container\">\n\t\t\t<div class=\"textwidget custom-html-widget\"><\/div>\t\t<\/div>\n\t\t\t\t<\/div>\n\t\t\t\t<section class=\"elementor-section elementor-inner-section elementor-element elementor-element-9fa7393 elementor-section-boxed elementor-section-height-default elementor-section-height-default\" data-id=\"9fa7393\" data-element_type=\"section\">\n\t\t\t\t\t\t<div class=\"elementor-container elementor-column-gap-default\">\n\t\t\t\t\t<div class=\"elementor-column elementor-col-50 elementor-inner-column elementor-element elementor-element-67e0bfb\" data-id=\"67e0bfb\" data-element_type=\"column\">\n\t\t\t<div class=\"elementor-widget-wrap elementor-element-populated\">\n\t\t\t\t\t\t\t\t<div class=\"elementor-element elementor-element-4ddc5b6 elementor-align-justify elementor-mobile-align-justify elementor-widget elementor-widget-button\" data-id=\"4ddc5b6\" data-element_type=\"widget\" data-widget_type=\"button.default\">\n\t\t\t\t<div class=\"elementor-widget-container\">\n\t\t\t\t\t<div class=\"elementor-button-wrapper\">\n\t\t\t<a class=\"elementor-button elementor-button-link elementor-size-sm\" href=\"https:\/\/blarock.antitickets.com\/event\/utfoerr\" target=\"_blank\">\n\t\t\t\t\t\t<span class=\"elementor-button-content-wrapper\">\n\t\t\t\t\t\t<span class=\"elementor-button-text\">Skaff billetter<\/span>\n\t\t<\/span>\n\t\t\t\t\t<\/a>\n\t\t<\/div>\n\t\t\t\t<\/div>\n\t\t\t\t<\/div>\n\t\t\t\t\t<\/div>\n\t\t<\/div>\n\t\t\t\t<div class=\"elementor-column elementor-col-50 elementor-inner-column elementor-element elementor-element-14b4787\" data-id=\"14b4787\" data-element_type=\"column\">\n\t\t\t<div class=\"elementor-widget-wrap elementor-element-populated\">\n\t\t\t\t\t\t\t\t<div class=\"elementor-element elementor-element-d41d411 elementor-align-justify elementor-mobile-align-justify elementor-widget elementor-widget-button\" data-id=\"d41d411\" data-element_type=\"widget\" data-widget_type=\"button.default\">\n\t\t\t\t<div class=\"elementor-widget-container\">\n\t\t\t\t\t<div class=\"elementor-button-wrapper\">\n\t\t\t<a class=\"elementor-button elementor-button-link elementor-size-sm\" href=\"https:\/\/www.blarock.no\/en\/utforr\/#program\" target=\"_blank\">\n\t\t\t\t\t\t<span class=\"elementor-button-content-wrapper\">\n\t\t\t\t\t\t<span class=\"elementor-button-icon elementor-align-icon-right\">\n\t\t\t\t\t\t\t<\/span>\n\t\t\t\t\t\t<span class=\"elementor-button-text\">Program<\/span>\n\t\t<\/span>\n\t\t\t\t\t<\/a>\n\t\t<\/div>\n\t\t\t\t<\/div>\n\t\t\t\t<\/div>\n\t\t\t\t\t<\/div>\n\t\t<\/div>\n\t\t\t\t\t\t\t<\/div>\n\t\t<\/section>\n\t\t\t\t<div class=\"elementor-element elementor-element-11a537a elementor-widget elementor-widget-spacer\" data-id=\"11a537a\" data-element_type=\"widget\" data-widget_type=\"spacer.default\">\n\t\t\t\t<div class=\"elementor-widget-container\">\n\t\t\t\t\t<div class=\"elementor-spacer\">\n\t\t\t<div class=\"elementor-spacer-inner\"><\/div>\n\t\t<\/div>\n\t\t\t\t<\/div>\n\t\t\t\t<\/div>\n\t\t\t\t\t<\/div>\n\t\t<\/div>\n\t\t\t\t\t\t\t<\/div>\n\t\t<\/section>\n\t\t\t\t\t\t\t<\/div>","protected":false},"excerpt":{"rendered":"<p>UTF\u00d8RR BL\u00c5ROCK LINE SAUS L\u00d8RDAG 31. AUGUST | 17:00 Line Saus I skj\u00e6ringspunktet mellom Rock og Gotisk Americana finner vi artisten Line Saus.Vokalisten, gitaristen og l\u00e5tskriveren fra Troms\u00f8 blir beskrevet som \u00e5 levere melankolske og mollstemte l\u00e5ter som veksler mellom behag og ubehag. Det engleaktige f\u00e5r det djevelske til \u00e5 brenne klarere. Det er ild [&hellip;]<\/p>","protected":false},"author":1,"featured_media":0,"parent":1532,"menu_order":0,"comment_status":"closed","ping_status":"closed","template":"","meta":{"footnotes":""},"_links":{"self":[{"href":"https:\/\/www.blarock.no\/en\/wp-json\/wp\/v2\/pages\/6097"}],"collection":[{"href":"https:\/\/www.blarock.no\/en\/wp-json\/wp\/v2\/pages"}],"about":[{"href":"https:\/\/www.blarock.no\/en\/wp-json\/wp\/v2\/types\/page"}],"author":[{"embeddable":true,"href":"https:\/\/www.blarock.no\/en\/wp-json\/wp\/v2\/users\/1"}],"replies":[{"embeddable":true,"href":"https:\/\/www.blarock.no\/en\/wp-json\/wp\/v2\/comments?post=6097"}],"version-history":[{"count":10,"href":"https:\/\/www.blarock.no\/en\/wp-json\/wp\/v2\/pages\/6097\/revisions"}],"predecessor-version":[{"id":6194,"href":"https:\/\/www.blarock.no\/en\/wp-json\/wp\/v2\/pages\/6097\/revisions\/6194"}],"up":[{"embeddable":true,"href":"https:\/\/www.blarock.no\/en\/wp-json\/wp\/v2\/pages\/1532"}],"wp:attachment":[{"href":"https:\/\/www.blarock.no\/en\/wp-json\/wp\/v2\/media?parent=6097"}],"curies":[{"name":"wp","href":"https:\/\/api.w.org\/{rel}","templated":true}]}}