{"id":2978,"date":"2021-09-25T16:47:23","date_gmt":"2021-09-25T14:47:23","guid":{"rendered":"https:\/\/www.blarock.no\/?page_id=2978"},"modified":"2021-09-27T03:20:13","modified_gmt":"2021-09-27T01:20:13","slug":"tidslinje","status":"publish","type":"page","link":"https:\/\/www.blarock.no\/en\/tidslinje\/","title":{"rendered":"Tidslinje"},"content":{"rendered":"<div data-elementor-type=\"wp-page\" data-elementor-id=\"2978\" class=\"elementor elementor-2978\" data-elementor-post-type=\"page\">\n\t\t\t\t\t\t\t\t\t<section class=\"elementor-section elementor-top-section elementor-element elementor-element-6f0c8c0b elementor-section-full_width elementor-section-content-middle elementor-section-height-default elementor-section-height-default\" data-id=\"6f0c8c0b\" data-element_type=\"section\">\n\t\t\t\t\t\t<div class=\"elementor-container elementor-column-gap-no\">\n\t\t\t\t\t<div class=\"elementor-column elementor-col-50 elementor-top-column elementor-element elementor-element-140870b3\" data-id=\"140870b3\" data-element_type=\"column\" data-settings=\"{&quot;background_background&quot;:&quot;classic&quot;}\">\n\t\t\t<div class=\"elementor-widget-wrap elementor-element-populated\">\n\t\t\t\t\t<div class=\"elementor-background-overlay\"><\/div>\n\t\t\t\t\t\t\t\t<div class=\"elementor-element elementor-element-2440a21 elementor-widget elementor-widget-heading\" data-id=\"2440a21\" data-element_type=\"widget\" data-widget_type=\"heading.default\">\n\t\t\t\t<div class=\"elementor-widget-container\">\n\t\t\t<h4 class=\"elementor-heading-title elementor-size-default\">Bl\u00e5rocks historie - Over tre ti\u00e5r med rock, \u00f8l og burger!\u200b<\/h4>\t\t<\/div>\n\t\t\t\t<\/div>\n\t\t\t\t\t<\/div>\n\t\t<\/div>\n\t\t\t\t<div class=\"elementor-column elementor-col-50 elementor-top-column elementor-element elementor-element-3d29e3dc\" data-id=\"3d29e3dc\" data-element_type=\"column\">\n\t\t\t<div class=\"elementor-widget-wrap elementor-element-populated\">\n\t\t\t\t\t\t\t\t<div class=\"elementor-element elementor-element-3c0f826 elementor-widget elementor-widget-text-editor\" data-id=\"3c0f826\" data-element_type=\"widget\" data-widget_type=\"text-editor.default\">\n\t\t\t\t<div class=\"elementor-widget-container\">\n\t\t\t\t\t\t\t<p>Lorem Ipsum\u00a0is simply dummy text of the printing and typesetting industry. Lorem Ipsum has been the industry&#8217;s standard dummy text ever since the 1500s, when an unknown printer took a galley of type and scrambled it to<\/p>\t\t\t\t\t\t<\/div>\n\t\t\t\t<\/div>\n\t\t\t\t<div class=\"elementor-element elementor-element-27f6a8f3 elementor-widget elementor-widget-text-editor\" data-id=\"27f6a8f3\" data-element_type=\"widget\" data-widget_type=\"text-editor.default\">\n\t\t\t\t<div class=\"elementor-widget-container\">\n\t\t\t\t\t\t\t<p>There are many variations of passages of Lorem Ipsum available, but the majority have suffered alteration in some form, by injected humour, or randomised words which don&#8217;t look even slightly believable. If you are going to use a passage of Lorem Ipsum, you need to be sure there isn&#8217;t anything embarrassing hidden in the middle of text. All the Lorem Ipsum generators on the Internet tend to repeat predefined chunks as necessary, making this the first true generator on the Internet. It uses a dictionary of over 200 Latin words, combined with a handful of model sentence structures, to generate Lorem Ipsum which looks reasonable. The generated Lorem Ipsum is therefore always free from repetition, injected<\/p>\t\t\t\t\t\t<\/div>\n\t\t\t\t<\/div>\n\t\t\t\t<div class=\"elementor-element elementor-element-4314018b elementor-widget elementor-widget-text-editor\" data-id=\"4314018b\" data-element_type=\"widget\" data-widget_type=\"text-editor.default\">\n\t\t\t\t<div class=\"elementor-widget-container\">\n\t\t\t\t\t\t\t<p>It is a long established fact that a reader will be distracted by the readable content of a page when looking at its layout. The point of using Lorem Ipsum is that it has a more-or-less normal distribution of letters, as opposed to using &#8216;Content here<\/p>\t\t\t\t\t\t<\/div>\n\t\t\t\t<\/div>\n\t\t\t\t\t<\/div>\n\t\t<\/div>\n\t\t\t\t\t\t\t<\/div>\n\t\t<\/section>\n\t\t\t\t<section class=\"elementor-section elementor-top-section elementor-element elementor-element-e3d7b0c elementor-section-boxed elementor-section-height-default elementor-section-height-default\" data-id=\"e3d7b0c\" data-element_type=\"section\" data-settings=\"{&quot;background_background&quot;:&quot;classic&quot;}\">\n\t\t\t\t\t\t<div class=\"elementor-container elementor-column-gap-default\">\n\t\t\t\t\t<div class=\"elementor-column elementor-col-100 elementor-top-column elementor-element elementor-element-821065a\" data-id=\"821065a\" data-element_type=\"column\">\n\t\t\t<div class=\"elementor-widget-wrap elementor-element-populated\">\n\t\t\t\t\t\t\t\t<div class=\"elementor-element elementor-element-000d4cc ee-timeline-align--center ee-timeline-align-tablet--left ee-timeline-align-mobile--left ee-timeline-cards-align--top ee-timeline-cards-align-tablet--top ee-timeline-cards-align-mobile--top ee-timeline-animate elementor-widget elementor-widget-timeline\" data-id=\"000d4cc\" data-element_type=\"widget\" data-settings=\"{&quot;line_location&quot;:{&quot;unit&quot;:&quot;px&quot;,&quot;size&quot;:50,&quot;sizes&quot;:[]}}\" data-widget_type=\"timeline.default\">\n\t\t\t\t<div class=\"elementor-widget-container\">\n\t\t\t<section class=\"ee-timeline ee-timeline--vertical\"><div class=\"ee-timeline__line\">\n\t\t\t<div class=\"ee-timeline__line__inner\"><\/div>\n\t\t<\/div><div class=\"elementor-repeater-item-f192c0e ee-timeline__item timeline-item\">\n\t\t\t\t<div class=\"timeline-item__point\"><span class=\"ee-icon ee-icon-support--svg ee-timeline__item__icon\"><i aria-hidden=\"true\" class=\"fas fa-calendar-alt\"><\/i><\/span><\/div>\n\t\t\t\t<div class=\"timeline-item__card-wrapper\">\n\t\t\t\t\t<div class=\"timeline-item__card\">\n\n\t\t\t\t\t\t<div class=\"timeline-item__content-wrapper\"><div class=\"timeline-item__img ee-post__thumbnail\"><img width=\"300\" height=\"212\" src=\"https:\/\/www.blarock.no\/wp-content\/uploads\/2021\/09\/thumbnail_20210926204547_001-300x212.jpg\" class=\"attachment-medium size-medium wp-image-3079\" alt=\"\" decoding=\"async\" srcset=\"https:\/\/www.blarock.no\/wp-content\/uploads\/2021\/09\/thumbnail_20210926204547_001-300x212.jpg 300w, https:\/\/www.blarock.no\/wp-content\/uploads\/2021\/09\/thumbnail_20210926204547_001-1024x723.jpg 1024w, https:\/\/www.blarock.no\/wp-content\/uploads\/2021\/09\/thumbnail_20210926204547_001-768x542.jpg 768w, https:\/\/www.blarock.no\/wp-content\/uploads\/2021\/09\/thumbnail_20210926204547_001-200x141.jpg 200w, https:\/\/www.blarock.no\/wp-content\/uploads\/2021\/09\/thumbnail_20210926204547_001-18x12.jpg 18w, https:\/\/www.blarock.no\/wp-content\/uploads\/2021\/09\/thumbnail_20210926204547_001-600x424.jpg 600w, https:\/\/www.blarock.no\/wp-content\/uploads\/2021\/09\/thumbnail_20210926204547_001-rotated.jpg 1280w\" sizes=\"(max-width: 300px) 100vw, 300px\" \/><\/div><div class=\"timeline-item__content\"><!-- meta -->\n\t\t<div class=\"timeline-item__meta meta\">\n\t\t\t1990 -1999\t\t<\/div><div class=\"timeline-item__content__wysiwyg\">\n\t\t\t\t<h1 class=\"LC20lb DKV0Md\">1990-\u00e5rene<\/h1><p>Something really big happened around this period of time. It affected all of humanity. That explains everything.<\/p><p class=\"LC20lb DKV0Md\">\u00a0<\/p><p>\u00a0<\/p><p>\u00a0<\/p>\t\t\t<\/div>\n\t\t<\/div><\/div><div class=\"timeline-item__card__arrow\"><\/div><\/div>\n\t\t\t\t<\/div>\n\t\t\t\t<div class=\"timeline-item__meta-wrapper\"><!-- meta -->\n\t\t<div class=\"timeline-item__meta meta timeline-item__meta meta\">\n\t\t\t1990 -1999\t\t<\/div><\/div>\n\t\t\t<\/div><div class=\"elementor-repeater-item-804d98e ee-timeline__item timeline-item\">\n\t\t\t\t<div class=\"timeline-item__point\"><span class=\"ee-icon ee-icon-support--svg ee-timeline__item__icon\"><i aria-hidden=\"true\" class=\"fas fa-calendar-alt\"><\/i><\/span><\/div>\n\t\t\t\t<div class=\"timeline-item__card-wrapper\">\n\t\t\t\t\t<div class=\"timeline-item__card\">\n\n\t\t\t\t\t\t<div class=\"timeline-item__content-wrapper\"><div class=\"timeline-item__content\"><!-- meta -->\n\t\t<div class=\"timeline-item__meta meta\">\n\t\t\t2000-2009\t\t<\/div><div class=\"timeline-item__content__wysiwyg\">\n\t\t\t\t<h1>2000-\u00e5rene<\/h1><p>Something really big happened around this period of time. It affected all of humanity. That explains everything.<\/p><p><img decoding=\"async\" class=\"alignleft size-medium wp-image-863\" src=\"https:\/\/www.blarock.no\/wp-content\/uploads\/2021\/01\/728159-253x300.jpg\" alt=\"\" width=\"253\" height=\"300\" srcset=\"https:\/\/www.blarock.no\/wp-content\/uploads\/2021\/01\/728159-253x300.jpg 253w, https:\/\/www.blarock.no\/wp-content\/uploads\/2021\/01\/728159-169x200.jpg 169w, https:\/\/www.blarock.no\/wp-content\/uploads\/2021\/01\/728159.jpg 551w\" sizes=\"(max-width: 253px) 100vw, 253px\" \/><\/p>\t\t\t<\/div>\n\t\t<\/div><\/div><div class=\"timeline-item__card__arrow\"><\/div><\/div>\n\t\t\t\t<\/div>\n\t\t\t\t<div class=\"timeline-item__meta-wrapper\"><!-- meta -->\n\t\t<div class=\"timeline-item__meta meta timeline-item__meta meta\">\n\t\t\t2000-2009\t\t<\/div><\/div>\n\t\t\t<\/div><div class=\"elementor-repeater-item-a2d865a ee-timeline__item timeline-item\">\n\t\t\t\t<div class=\"timeline-item__point\"><span class=\"ee-icon ee-icon-support--svg ee-timeline__item__icon\"><i aria-hidden=\"true\" class=\"fas fa-calendar-alt\"><\/i><\/span><\/div>\n\t\t\t\t<div class=\"timeline-item__card-wrapper\">\n\t\t\t\t\t<div class=\"timeline-item__card\">\n\n\t\t\t\t\t\t<div class=\"timeline-item__content-wrapper\"><div class=\"timeline-item__content\"><!-- meta -->\n\t\t<div class=\"timeline-item__meta meta\">\n\t\t\t2010-2019\t\t<\/div><div class=\"timeline-item__content__wysiwyg\">\n\t\t\t\t<h1 class=\"qrShPb kno-ecr-pt PZPZlf HOpgu mfMhoc\" data-local-attribute=\"d3bn\" data-attrid=\"title\" data-ved=\"2ahUKEwi-6rCj753zAhW8AxAIHZKLCE4Q3B0oAXoECFQQCw\">2010-\u00e5rene<\/h1><p>Something really big happened around this period of time. It affected all of humanity. That explains everything.<\/p><p><img decoding=\"async\" class=\"size-medium wp-image-330 alignleft\" src=\"https:\/\/www.blarock.no\/wp-content\/uploads\/2021\/01\/64433963_10157355924824099_3248953707848531968_o-300x200.jpg\" alt=\"\" width=\"300\" height=\"200\" srcset=\"https:\/\/www.blarock.no\/wp-content\/uploads\/2021\/01\/64433963_10157355924824099_3248953707848531968_o-300x200.jpg 300w, https:\/\/www.blarock.no\/wp-content\/uploads\/2021\/01\/64433963_10157355924824099_3248953707848531968_o-600x399.jpg 600w, https:\/\/www.blarock.no\/wp-content\/uploads\/2021\/01\/64433963_10157355924824099_3248953707848531968_o-1024x682.jpg 1024w, https:\/\/www.blarock.no\/wp-content\/uploads\/2021\/01\/64433963_10157355924824099_3248953707848531968_o-768x511.jpg 768w, https:\/\/www.blarock.no\/wp-content\/uploads\/2021\/01\/64433963_10157355924824099_3248953707848531968_o.jpg 1080w\" sizes=\"(max-width: 300px) 100vw, 300px\" \/><\/p>\t\t\t<\/div>\n\t\t<\/div><\/div><div class=\"timeline-item__card__arrow\"><\/div><\/div>\n\t\t\t\t<\/div>\n\t\t\t\t<div class=\"timeline-item__meta-wrapper\"><!-- meta -->\n\t\t<div class=\"timeline-item__meta meta timeline-item__meta meta\">\n\t\t\t2010-2019\t\t<\/div><\/div>\n\t\t\t<\/div><div class=\"elementor-repeater-item-c081560 ee-timeline__item timeline-item\">\n\t\t\t\t<div class=\"timeline-item__point\"><span class=\"ee-icon ee-icon-support--svg ee-timeline__item__icon\"><i aria-hidden=\"true\" class=\"fas fa-calendar-alt\"><\/i><\/span><\/div>\n\t\t\t\t<div class=\"timeline-item__card-wrapper\">\n\t\t\t\t\t<div class=\"timeline-item__card\">\n\n\t\t\t\t\t\t<div class=\"timeline-item__content-wrapper\"><div class=\"timeline-item__content\"><!-- meta -->\n\t\t<div class=\"timeline-item__meta meta\">\n\t\t\t2020-d.d.\t\t<\/div><div class=\"timeline-item__content__wysiwyg\">\n\t\t\t\t<h1>2020-n\u00e5tid<\/h1><p>Something really big happened around this period of time. It affected all of humanity. That explains everything.<\/p><p><img decoding=\"async\" class=\"alignleft size-medium wp-image-2992\" src=\"https:\/\/www.blarock.no\/wp-content\/uploads\/2021\/09\/123241145_10158813450219099_8629699053490590821_n-169x300.jpg\" alt=\"\" width=\"169\" height=\"300\" srcset=\"https:\/\/www.blarock.no\/wp-content\/uploads\/2021\/09\/123241145_10158813450219099_8629699053490590821_n-169x300.jpg 169w, https:\/\/www.blarock.no\/wp-content\/uploads\/2021\/09\/123241145_10158813450219099_8629699053490590821_n-576x1024.jpg 576w, https:\/\/www.blarock.no\/wp-content\/uploads\/2021\/09\/123241145_10158813450219099_8629699053490590821_n-112x200.jpg 112w, https:\/\/www.blarock.no\/wp-content\/uploads\/2021\/09\/123241145_10158813450219099_8629699053490590821_n-7x12.jpg 7w, https:\/\/www.blarock.no\/wp-content\/uploads\/2021\/09\/123241145_10158813450219099_8629699053490590821_n-600x1067.jpg 600w, https:\/\/www.blarock.no\/wp-content\/uploads\/2021\/09\/123241145_10158813450219099_8629699053490590821_n.jpg 750w\" sizes=\"(max-width: 169px) 100vw, 169px\" \/><\/p>\t\t\t<\/div>\n\t\t<\/div><\/div><div class=\"timeline-item__card__arrow\"><\/div><\/div>\n\t\t\t\t<\/div>\n\t\t\t\t<div class=\"timeline-item__meta-wrapper\"><!-- meta -->\n\t\t<div class=\"timeline-item__meta meta timeline-item__meta meta\">\n\t\t\t2020-d.d.\t\t<\/div><\/div>\n\t\t\t<\/div><\/section>\t\t<\/div>\n\t\t\t\t<\/div>\n\t\t\t\t\t<\/div>\n\t\t<\/div>\n\t\t\t\t\t\t\t<\/div>\n\t\t<\/section>\n\t\t\t\t<section class=\"elementor-section elementor-top-section elementor-element elementor-element-09daca8 elementor-section-boxed elementor-section-height-default elementor-section-height-default\" data-id=\"09daca8\" data-element_type=\"section\">\n\t\t\t\t\t\t<div class=\"elementor-container elementor-column-gap-default\">\n\t\t\t\t\t<div class=\"elementor-column elementor-col-100 elementor-top-column elementor-element elementor-element-b64a6a1\" data-id=\"b64a6a1\" data-element_type=\"column\">\n\t\t\t<div class=\"elementor-widget-wrap elementor-element-populated\">\n\t\t\t\t\t\t\t\t<div class=\"elementor-element elementor-element-db437de ee-heading--solid elementor-widget elementor-widget-heading-extended\" data-id=\"db437de\" data-element_type=\"widget\" data-widget_type=\"heading-extended.default\">\n\t\t\t\t<div class=\"elementor-widget-container\">\n\t\t\t\n\t\t\t<h1 class=\"ee-heading elementor-size-default\" data-title=\"Litt fra 90-tallet\"><span class=\"ee-heading__text\">\n\t\t\tLitt fra 90-tallet\t\t<\/span><\/h1>\n\n\t\t\t\t<\/div>\n\t\t\t\t<\/div>\n\t\t\t\t\t<\/div>\n\t\t<\/div>\n\t\t\t\t\t\t\t<\/div>\n\t\t<\/section>\n\t\t\t\t<section class=\"elementor-section elementor-top-section elementor-element elementor-element-38ecf3b elementor-section-boxed elementor-section-height-default elementor-section-height-default\" data-id=\"38ecf3b\" data-element_type=\"section\">\n\t\t\t\t\t\t<div class=\"elementor-container elementor-column-gap-default\">\n\t\t\t\t\t<div class=\"elementor-column elementor-col-100 elementor-top-column elementor-element elementor-element-d79031b\" data-id=\"d79031b\" data-element_type=\"column\" data-settings=\"{&quot;background_background&quot;:&quot;classic&quot;}\">\n\t\t\t<div class=\"elementor-widget-wrap elementor-element-populated\">\n\t\t\t\t\t\t\t\t<div class=\"elementor-element elementor-element-ca89184 ee-timeline-align--left ee-timeline-align-tablet--left ee-timeline-align-mobile--left ee-timeline-cards-align--top ee-timeline-cards-align-tablet--top ee-timeline-cards-align-mobile--top ee-timeline-animate elementor-widget elementor-widget-timeline\" data-id=\"ca89184\" data-element_type=\"widget\" data-settings=\"{&quot;line_location&quot;:{&quot;unit&quot;:&quot;px&quot;,&quot;size&quot;:50,&quot;sizes&quot;:[]}}\" data-widget_type=\"timeline.default\">\n\t\t\t\t<div class=\"elementor-widget-container\">\n\t\t\t<section class=\"ee-timeline ee-timeline--vertical\"><div class=\"ee-timeline__line\">\n\t\t\t<div class=\"ee-timeline__line__inner\"><\/div>\n\t\t<\/div><div class=\"elementor-repeater-item-28ac5e6 ee-timeline__item timeline-item\">\n\t\t\t\t<div class=\"timeline-item__point\"><span class=\"ee-icon ee-icon-support--svg ee-timeline__item__icon\"><i aria-hidden=\"true\" class=\"fas fa-calendar-alt\"><\/i><\/span><\/div>\n\t\t\t\t<div class=\"timeline-item__card-wrapper\">\n\t\t\t\t\t<div class=\"timeline-item__card\">\n\n\t\t\t\t\t\t<div class=\"timeline-item__content-wrapper\"><div class=\"timeline-item__content\"><!-- meta -->\n\t\t<div class=\"timeline-item__meta meta\">\n\t\t\t25.1.91\t\t<\/div><div class=\"timeline-item__content__wysiwyg\">\n\t\t\t\t<h2>\u00c5pninga!<\/h2>\n<em>Knut Smistad, 25.1.1991<\/em>\n<blockquote>TROMS\u00d8: &#8211; Fredag forsvinner navnet &laquo;Je t&#8217;aime&raquo; og blir erstattet med &laquo;Bl\u00e5 Rock Cafe&raquo;. Jeg har lang tid planlagt denne navneendringen. For det f\u00f8rste fordi mange troms\u00f8v\u00e6ringer tror at stedet user et litt tvilsomt klientell. Det er ikke riktig. Det er lenge siden de forsvant. Dessuten ble behovet for et nytt navn p\u00e5trengrende da vi endret konsept &#8211; la om stilen p\u00e5 godt norsk &#8211; til et utested for de som liker blodfull rock &#8216;n&#8217; roll og blues. Sier innehaveren, Per martin &laquo;Pelle Saur, som henger i som en liten spurv for \u00e5 f\u00e5 alt klart til den store navnedagen.<\/blockquote>\n<\/br>\n<img decoding=\"async\" class=\"alignleft size-large wp-image-3091\" src=\"https:\/\/www.blarock.no\/wp-content\/uploads\/2021\/09\/IMG_20210926_210037-730x1024.jpg\" alt=\"\" width=\"730\" height=\"1024\" srcset=\"https:\/\/www.blarock.no\/wp-content\/uploads\/2021\/09\/IMG_20210926_210037-730x1024.jpg 730w, https:\/\/www.blarock.no\/wp-content\/uploads\/2021\/09\/IMG_20210926_210037-214x300.jpg 214w, https:\/\/www.blarock.no\/wp-content\/uploads\/2021\/09\/IMG_20210926_210037-768x1077.jpg 768w, https:\/\/www.blarock.no\/wp-content\/uploads\/2021\/09\/IMG_20210926_210037-143x200.jpg 143w, https:\/\/www.blarock.no\/wp-content\/uploads\/2021\/09\/IMG_20210926_210037-1095x1536.jpg 1095w, https:\/\/www.blarock.no\/wp-content\/uploads\/2021\/09\/IMG_20210926_210037-9x12.jpg 9w, https:\/\/www.blarock.no\/wp-content\/uploads\/2021\/09\/IMG_20210926_210037-600x841.jpg 600w, https:\/\/www.blarock.no\/wp-content\/uploads\/2021\/09\/IMG_20210926_210037.jpg 1243w\" sizes=\"(max-width: 730px) 100vw, 730px\" \/>\n<\/br>\t\t\t<\/div>\n\t\t<\/div><\/div><div class=\"timeline-item__card__arrow\"><\/div><\/div>\n\t\t\t\t<\/div>\n\t\t\t\t<div class=\"timeline-item__meta-wrapper\"><!-- meta -->\n\t\t<div class=\"timeline-item__meta meta timeline-item__meta meta\">\n\t\t\t25.1.91\t\t<\/div><\/div>\n\t\t\t<\/div><div class=\"elementor-repeater-item-e979e61 ee-timeline__item timeline-item\">\n\t\t\t\t<div class=\"timeline-item__point\"><span class=\"ee-icon ee-icon-support--svg ee-timeline__item__icon\"><i aria-hidden=\"true\" class=\"fas fa-calendar-alt\"><\/i><\/span><\/div>\n\t\t\t\t<div class=\"timeline-item__card-wrapper\">\n\t\t\t\t\t<div class=\"timeline-item__card\">\n\n\t\t\t\t\t\t<div class=\"timeline-item__content-wrapper\"><div class=\"timeline-item__content\"><!-- meta -->\n\t\t<div class=\"timeline-item__meta meta\">\n\t\t\tMay 10, 2015\t\t<\/div><div class=\"timeline-item__content__wysiwyg\">\n\t\t\t\t<p><img decoding=\"async\" class=\"alignleft size-large wp-image-3073\" src=\"https:\/\/www.blarock.no\/wp-content\/uploads\/2021\/09\/thumbnail_20210926203131_001-1024x672.jpg\" alt=\"\" width=\"800\" height=\"525\" srcset=\"https:\/\/www.blarock.no\/wp-content\/uploads\/2021\/09\/thumbnail_20210926203131_001-1024x672.jpg 1024w, https:\/\/www.blarock.no\/wp-content\/uploads\/2021\/09\/thumbnail_20210926203131_001-300x197.jpg 300w, https:\/\/www.blarock.no\/wp-content\/uploads\/2021\/09\/thumbnail_20210926203131_001-768x504.jpg 768w, https:\/\/www.blarock.no\/wp-content\/uploads\/2021\/09\/thumbnail_20210926203131_001-200x131.jpg 200w, https:\/\/www.blarock.no\/wp-content\/uploads\/2021\/09\/thumbnail_20210926203131_001-18x12.jpg 18w, https:\/\/www.blarock.no\/wp-content\/uploads\/2021\/09\/thumbnail_20210926203131_001-600x394.jpg 600w, https:\/\/www.blarock.no\/wp-content\/uploads\/2021\/09\/thumbnail_20210926203131_001.jpg 1279w\" sizes=\"(max-width: 800px) 100vw, 800px\" \/><\/p>\t\t\t<\/div>\n\t\t<\/div><\/div><div class=\"timeline-item__card__arrow\"><\/div><\/div>\n\t\t\t\t<\/div>\n\t\t\t\t<div class=\"timeline-item__meta-wrapper\"><!-- meta -->\n\t\t<div class=\"timeline-item__meta meta timeline-item__meta meta\">\n\t\t\tMay 10, 2015\t\t<\/div><\/div>\n\t\t\t<\/div><div class=\"elementor-repeater-item-5e8a273 ee-timeline__item timeline-item\">\n\t\t\t\t<div class=\"timeline-item__point\"><span class=\"ee-icon ee-icon-support--svg ee-timeline__item__icon\"><i aria-hidden=\"true\" class=\"fas fa-calendar-alt\"><\/i><\/span><\/div>\n\t\t\t\t<div class=\"timeline-item__card-wrapper\">\n\t\t\t\t\t<div class=\"timeline-item__card\">\n\n\t\t\t\t\t\t<div class=\"timeline-item__content-wrapper\"><div class=\"timeline-item__content\"><!-- meta -->\n\t\t<div class=\"timeline-item__meta meta\">\n\t\t\tJune 21, 2016\t\t<\/div><div class=\"timeline-item__content__wysiwyg\">\n\t\t\t\t<h2>The birth of mankind<\/h2><p>Something really big happened around this period of time. It affected all of humanity. That explains everything.<\/p>\t\t\t<\/div>\n\t\t<\/div><\/div><div class=\"timeline-item__card__arrow\"><\/div><\/div>\n\t\t\t\t<\/div>\n\t\t\t\t<div class=\"timeline-item__meta-wrapper\"><!-- meta -->\n\t\t<div class=\"timeline-item__meta meta timeline-item__meta meta\">\n\t\t\tJune 21, 2016\t\t<\/div><\/div>\n\t\t\t<\/div><\/section>\t\t<\/div>\n\t\t\t\t<\/div>\n\t\t\t\t\t<\/div>\n\t\t<\/div>\n\t\t\t\t\t\t\t<\/div>\n\t\t<\/section>\n\t\t\t\t\t\t\t<\/div>","protected":false},"excerpt":{"rendered":"<p>Bl\u00e5rocks historie &#8211; Over tre ti\u00e5r med rock, \u00f8l og burger!\u200b Lorem Ipsum\u00a0is simply dummy text of the printing and typesetting industry. Lorem Ipsum has been the industry&#8217;s standard dummy text ever since the 1500s, when an unknown printer took a galley of type and scrambled it to There are many variations of passages of [&hellip;]<\/p>","protected":false},"author":1,"featured_media":0,"parent":0,"menu_order":0,"comment_status":"closed","ping_status":"closed","template":"","meta":{"footnotes":""},"_links":{"self":[{"href":"https:\/\/www.blarock.no\/en\/wp-json\/wp\/v2\/pages\/2978"}],"collection":[{"href":"https:\/\/www.blarock.no\/en\/wp-json\/wp\/v2\/pages"}],"about":[{"href":"https:\/\/www.blarock.no\/en\/wp-json\/wp\/v2\/types\/page"}],"author":[{"embeddable":true,"href":"https:\/\/www.blarock.no\/en\/wp-json\/wp\/v2\/users\/1"}],"replies":[{"embeddable":true,"href":"https:\/\/www.blarock.no\/en\/wp-json\/wp\/v2\/comments?post=2978"}],"version-history":[{"count":56,"href":"https:\/\/www.blarock.no\/en\/wp-json\/wp\/v2\/pages\/2978\/revisions"}],"predecessor-version":[{"id":3098,"href":"https:\/\/www.blarock.no\/en\/wp-json\/wp\/v2\/pages\/2978\/revisions\/3098"}],"wp:attachment":[{"href":"https:\/\/www.blarock.no\/en\/wp-json\/wp\/v2\/media?parent=2978"}],"curies":[{"name":"wp","href":"https:\/\/api.w.org\/{rel}","templated":true}]}}