{"id":1709,"date":"2021-03-04T11:04:36","date_gmt":"2021-03-04T10:04:36","guid":{"rendered":"https:\/\/www.blarock.no\/?page_id=1709"},"modified":"2023-11-19T18:05:44","modified_gmt":"2023-11-19T17:05:44","slug":"personvern","status":"publish","type":"page","link":"https:\/\/www.blarock.no\/en\/personvern\/","title":{"rendered":"Personvernerkl\u00e6ring"},"content":{"rendered":"<h3 class=\"wp-block-heading\">Vi innhenter kun relevante og n\u00f8dvendig personopplysninger og data for \u00e5 levere v\u00e5re tjenester best mulig til deg som kunde. Alle personopplysninger vi har samlet er for \u00e5 forst\u00e5 og forbedre produktet v\u00e5rt, slik at du skal f\u00e5 den beste brukeropplevelsen p\u00e5 v\u00e5re nettsteder. Denne personvernerkl\u00e6ringen forklarer hvordan og hvilken data vi samler inn, og hva de brukes til.<\/h3>\n\n\n\n<p><\/p>\n\n\n\n<h2 class=\"wp-block-heading\">1. BEHANDLINGSANSVARLIG<\/h2>\n\n\n\n<p>Personvernerkl\u00e6ringen gjelder for dette nettstedet, eid av:<\/p>\n\n\n\n<p>Bl\u00e5 Rock Cafe AS, org.nr: 976 140 095, heretter referert til som \u201cBehandlingsansvarlig\u201d.<\/p>\n\n\n\n<h2 class=\"wp-block-heading\">2. ADMINISTRERING AV PERSONOPPLYSNINGER<\/h2>\n\n\n\n<p>I forbindelse med kundeforhold m\u00e5 vi innhente opplysninger som navn, e-post, telefonummer og annen n\u00f8dvendig informasjon. Denne informasjonen bruker vi utelukkende til \u00e5 h\u00e5ndtere ditt kundeforhold med oss. Du har rett til innsyn og sletting av data vi har lagret om deg.<\/p>\n\n\n\n<h2 class=\"wp-block-heading\">3. INFORMASJONSKAPSLER<\/h2>\n\n\n\n<p>Denne nettsiden benytter informasjonskapsler, ogs\u00e5 kalt cookies, p\u00e5 nettsidene. Ved \u00e5 bruke nettsiden v\u00e5r samtykker du i at vi kan bruke disse i din nettleser. En informasjonskapsel (cookie) er en liten tekstfil som lagres p\u00e5 din datamaskin. Vi bruker informasjonskapsler blant annet til \u00e5 forbedre brukeropplevelsen og analysere trafikken til og fra nettsiden. N\u00e5r du bes\u00f8ker v\u00e5re tjenester, setter vi b\u00e5de midlertidige og varige informasjonskapsler. En midlertidig informasjonskapsel slettes ofte automatisk n\u00e5r du lukker nettleseren din, mens varige kan ligge p\u00e5 din maskin i opptil ett \u00e5r. Informasjonskapslene lagrer aldri informasjon som kan identifisere deg personlig.<\/p>\n\n\n\n<p>De fleste nettlesere, som Opera, Internet Explorer, Firefox, Safari etc, er innstilt slik at cookies blir akseptert automatisk. Om du ikke \u00f8nsker \u00e5 akseptere cookies m\u00e5 du selv endre innstillingene i din nettleser. Merk at denne innstillingen kan f\u00f8re til at mange nettsteder ikke vil fungere optimalt.<\/p>\n\n\n\n<p>Om du \u00f8nsker \u00e5 l\u00e6re mer om informasjonskapsler kan&nbsp;<a href=\"http:\/\/www.aboutcookies.org\/\">http:\/\/www.aboutcookies.org<\/a>&nbsp;benyttes.<\/p>\n\n\n\n<h2 class=\"wp-block-heading\">4. VI BENYTTER F\u00d8LGENDE INFORMASJONSKAPSLER<\/h2>\n\n\n\n<p><strong>Eier: Google Analytics<\/strong><\/p>\n\n\n\n<p>Google Analytics benytter informasjonskapsler for analyse av trafikk. Samle informasjon om hvordan bes\u00f8kende benytter nettsiden. Vi bruker denne informasjonen for \u00e5 lage rapporter for \u00e5 bedre nettsiden. Informasjonskapslene anonymiserer all informasjon. De sier noe om antall bes\u00f8kende p\u00e5 nettsiden, hvor de kommer fra og hvilke sider de bes\u00f8ker.<\/p>\n\n\n\n<p>Google Analytics benytter fem forskjellige informasjonskapsler:<\/p>\n\n\n\n<p>__utma: Lagres i 2 \u00e5r fra siste bes\u00f8k.<\/p>\n\n\n\n<p>__utmb: Lagres i 30 min fra siste bes\u00f8k.<\/p>\n\n\n\n<p>__utmc: Lagres til nettleseren lukkes.<\/p>\n\n\n\n<p>__utmz: Lagres i 6 m\u00e5neder fra siste bes\u00f8k.<\/p>\n\n\n\n<p>__utmv: Lagres i 2 \u00e5r fra siste bes\u00f8k.<\/p>\n\n\n\n<p>_ga: Lagres i 2 \u00e5r fra siste bes\u00f8k.<\/p>\n\n\n\n<p>__utmz gir oss informasjon om hvor du kom ifra da du landet p\u00e5 siden v\u00e5r. For eksempel annonser, s\u00f8kemotorer og lignende<\/p>\n\n\n\n<p>__utma gir oss informasjon om du er helt ny bes\u00f8kende eller om du har v\u00e6rt bes\u00f8kende p\u00e5 nettsiden tidligere.<\/p>\n\n\n\n<p>__utmb og __utmc forteller oss hvilke sider du har v\u00e6rt innom og hvordan du har navigert deg rundt. I tillegg forteller de oss hvor lenge du har v\u00e6rt p\u00e5 sidene v\u00e5re. Disse slettes n\u00e5r du forlater v\u00e5re sider.<\/p>\n\n\n\n<p>Mottatte opplysninger er underlagt<a href=\"https:\/\/www.google.com\/intl\/no\/policies\/privacy\/\">&nbsp;Google sine retningslinjer for personvern<\/a>.<\/p>\n\n\n\n<p><strong>Eier: Facebook<\/strong><\/p>\n\n\n\n<p>Tidvis kj\u00f8rer vi kampanjer p\u00e5 Facebook. I disse tilfellene bruker vi informasjonskapsler og lignende teknologi for \u00e5 vise annonser p\u00e5 og utenfor Facebooks tjenester (Facebook Custom Audience). Du kan justere annonseinnstillingene dine hvis du \u00f8nsker \u00e5 kontrollere og administrere hva slags annonser du ser p\u00e5 Facebook.<\/p>\n\n\n\n<p><a href=\"https:\/\/www.facebook.com\/about\/ads\/\">Les om Facebooks retningslinjer for personvern, samt muligheten for \u00e5 hindre Facebook fra \u00e5 registrere ditt adferdsm\u00f8nster.<\/a><\/p>\n\n\n\n<p>Les mer om facebook sin cookie policy her:&nbsp;<a href=\"https:\/\/www.facebook.com\/policies\/cookies\/\">https:\/\/www.facebook.com\/policies\/cookies\/<\/a><\/p>\n\n\n\n<h2 class=\"wp-block-heading\">5. KONTAKTSKJEMA<\/h2>\n\n\n\n<p>N\u00e5r du fyller ut kontaktskjema p\u00e5 nettsiden sender du oss informasjon om deg. Disse opplysningene lagres i v\u00e5re databaser, slik at vi skal kunne respondere p\u00e5 din kontaktforesp\u00f8rsel og yte deg best mulig service.<\/p>\n\n\n\n<h2 class=\"wp-block-heading\">6. E-POST<\/h2>\n\n\n\n<p>All e-post som blir sendt til Behandlingsansvarlig blir lagret som en del av ditt kundeforhold med oss.<\/p>\n\n\n\n<h2 class=\"wp-block-heading\">7. UTLEVERING AV PERSONOPPLYSNINGER TIL TREDJEPART<\/h2>\n\n\n\n<p>Behandlingsansvarlig kan til tider benytte seg ogs\u00e5 av tjenester levert av 3. Part. Her er en oversikt over mulige underleverand\u00f8rer hvor informasjon kan lagres:<\/p>\n\n\n\n<p><strong>Google Analytics:<\/strong> Google Analytics benyttes for analyse av trafikk. IP-adresser og bes\u00f8ksm\u00f8nster lagres.<\/p>\n\n\n\n<p><strong>Gsuite by Google:<\/strong> Gsuite by Google benyttes blant annet til h\u00e5ndtering av e-post, dokumenter (G Disk). Informasjon lagres i disse systemene og e-postkorrespondanse eller dokumenter kan v\u00e6re lagret hos Gsuite by Google.<\/p>\n\n\n\n<p><strong>Google Adwords:<\/strong> Annonsering gjennom Google sin plattform. Informasjonskapsler benyttes slik at annonsering kan m\u00e5lrettes basert p\u00e5 bes\u00f8ksm\u00f8nster.<\/p>\n\n\n\n<p><strong>Facebook Pixel:<\/strong> Annonsering gjennom Facebook sin plattform. Informasjonskapsler benyttes slik at annonsering kan m\u00e5lrettes basert p\u00e5 bes\u00f8ksm\u00f8nster.<\/p>\n\n\n\n<h2 class=\"wp-block-heading\">8. KUNDEREGISTER<\/h2>\n\n\n\n<p>V\u00e5rt kunderegister inneholder opplysninger om kunden som navn, e-post og telefonnummer, og opplysninger om hvilke tjenester benyttet og bestillinger kunden har gjort.<\/p>\n\n\n\n<h2 class=\"wp-block-heading\">9. INNSYN<\/h2>\n\n\n\n<p>Etter personopplysningsloven \u00a7 18 har den enkelte krav p\u00e5 innsyn i de opplysningene som er registrert om en selv. Innsyn kan en f\u00e5 ved \u00e5 henvende seg til Behandlingsansvarlig. N\u00f8dvendig kontaktinformasjon til Behandlingsansvarlig kan finnes p\u00e5&nbsp;<a href=\"https:\/\/www.brreg.no\/\">brreg.no<\/a>.<\/p>\n\n\n\n<p class=\"has-white-color has-text-color\">.<\/p>\n\n\n\n<p class=\"has-white-color has-text-color\">.<\/p>\n\n\n\n<p class=\"has-white-color has-text-color\">.<\/p>\n\n\n\n<h1 class=\"wp-block-heading\" id=\"videoovervakning\">Kameraoverv\u00e5kning<\/h1>\n\n\n\n<h3 class=\"wp-block-heading\"><strong>Hvem er ansvarlig for kamera\/ CCTV lagret informasjon<\/strong><\/h3>\n\n\n\n<p>Bl\u00e5 Rock Cafe AS Organisasjons nr: 976 140 095 blarock@blarock.com<\/p>\n\n\n\n<div style=\"height:15px\" aria-hidden=\"true\" class=\"wp-block-spacer\"><\/div>\n\n\n\n<h3 class=\"wp-block-heading\"><strong>Form\u00e5let med overv\u00e5kningen<\/strong><\/h3>\n\n\n\n<p>1. Forebygge, hindre og dokumentere kriminelle handlinger.<\/p>\n\n\n\n<p>2. Dette i forbindelse med trusler, trakassering, vold, h\u00e6rverk,&nbsp;ran, tyverier, avdekke kriminelle handlinger samt ivareta liv og helse.<\/p>\n\n\n\n<p>3. Dokumentasjonen kan kreves innhentet av politiet i fm. etterforskning av kriminelle handlinger.<\/p>\n\n\n\n<p>Omr\u00e5dene som har installert ordin\u00e6r kameraoverv\u00e5kning, er inngangsparti og k\u00f8plass utenfor anses \u00e5 v\u00e6re spesielt utsatt for vold og trusler. Utover det har vi overv\u00e5kingsutstyr som blir aktivisert i helt spesielle tilfeller inne i lokalet, for eksempel i forbindelse med truende situasjoner, eller innbrudd, disse vil aldri aktiveres uten grunn.&nbsp;<\/p>\n\n\n\n<p>Videoopptak lagres i 7 dager. Etter 7 dager slettes, og overskrives alle opptak automatisk.<\/p>\n\n\n\n<p>Opptak som innhentes av politiet, lagres av politiet s\u00e5 lenge etterforskningen p\u00e5g\u00e5r. Det er da politiet som har ansvar for dokumentasjonen.<\/p>\n\n\n\n<p><\/p>\n\n\n\n<div style=\"height:15px\" aria-hidden=\"true\" class=\"wp-block-spacer\"><\/div>\n\n\n\n<h3 class=\"wp-block-heading\"><strong>Hvem har tilgang til opptakene?<\/strong><\/h3>\n\n\n\n<p>Informasjonen lagres av Bl\u00e5 Rock Caf\u00e9 AS.&nbsp;<\/p>\n\n\n\n<p>Avarn Security AS som er v\u00e5r leverand\u00f8r av alarmsystem og kameradetektorer, mottar og behandler all informasjon og materiell fra alarmsystemet.<\/p>\n\n\n\n<p>Personal Service og Sikkerhet AS som er v\u00e5r sikkerhetspartner har tilgang til lagret informasjon og materialet, om en hendelse skulle oppst\u00e5 i forbindelse med deres vakthold og&nbsp;sikkerhetstjenester hos oss.<\/p>\n\n\n\n<div style=\"height:15px\" aria-hidden=\"true\" class=\"wp-block-spacer\"><\/div>\n\n\n\n<h4 class=\"wp-block-heading\"><strong>Eventuelle sp\u00f8rsm\u00e5l kan rettes til:<\/strong><\/h4>\n\n\n\n<p>E-post til blarock@blarock.no<br>Eller via post til<br>BL\u00c5 ROCK CAFE AS<br>Strandgata 14<br>9008 Troms\u00f8<br>NORGE<\/p>\n\n\n\n<div style=\"height:15px\" aria-hidden=\"true\" class=\"wp-block-spacer\"><\/div>\n\n\n\n<p><\/p>\n\n\n\n<h4 class=\"wp-block-heading\"><strong>For n\u00e6rmere opplysninger vedr\u00f8rende videooverv\u00e5kning:<\/strong><\/h4>\n\n\n\n<p>Datatilsynet<br>Postboks 458 Sentrum<br>0105 Oslo<br>Datatilsynet.no <\/p>\n\n\n\n<p><\/p>\n\n\n\n<p><\/p>\n\n\n\n<p><\/p>\n\n\n\n<div style=\"height:15px\" aria-hidden=\"true\" class=\"wp-block-spacer\"><\/div>\n\n\n\n<p class=\"has-white-color has-text-color\">.<\/p>\n\n\n\n<p class=\"has-white-color has-text-color\">.<\/p>","protected":false},"excerpt":{"rendered":"<p>Vi innhenter kun relevante og n\u00f8dvendig personopplysninger og data for \u00e5 levere v\u00e5re tjenester best mulig til deg som kunde. Alle personopplysninger vi har samlet er for \u00e5 forst\u00e5 og forbedre produktet v\u00e5rt, slik at du skal f\u00e5 den beste brukeropplevelsen p\u00e5 v\u00e5re nettsteder. Denne personvernerkl\u00e6ringen forklarer hvordan og hvilken data vi samler inn, og [&hellip;]<\/p>","protected":false},"author":1,"featured_media":0,"parent":0,"menu_order":0,"comment_status":"closed","ping_status":"closed","template":"","meta":{"footnotes":""},"_links":{"self":[{"href":"https:\/\/www.blarock.no\/en\/wp-json\/wp\/v2\/pages\/1709"}],"collection":[{"href":"https:\/\/www.blarock.no\/en\/wp-json\/wp\/v2\/pages"}],"about":[{"href":"https:\/\/www.blarock.no\/en\/wp-json\/wp\/v2\/types\/page"}],"author":[{"embeddable":true,"href":"https:\/\/www.blarock.no\/en\/wp-json\/wp\/v2\/users\/1"}],"replies":[{"embeddable":true,"href":"https:\/\/www.blarock.no\/en\/wp-json\/wp\/v2\/comments?post=1709"}],"version-history":[{"count":10,"href":"https:\/\/www.blarock.no\/en\/wp-json\/wp\/v2\/pages\/1709\/revisions"}],"predecessor-version":[{"id":4862,"href":"https:\/\/www.blarock.no\/en\/wp-json\/wp\/v2\/pages\/1709\/revisions\/4862"}],"wp:attachment":[{"href":"https:\/\/www.blarock.no\/en\/wp-json\/wp\/v2\/media?parent=1709"}],"curies":[{"name":"wp","href":"https:\/\/api.w.org\/{rel}","templated":true}]}}