{"id":1041,"date":"2021-01-31T15:26:45","date_gmt":"2021-01-31T14:26:45","guid":{"rendered":"http:\/\/www.blarock.no\/?page_id=1041"},"modified":"2021-02-10T13:09:49","modified_gmt":"2021-02-10T12:09:49","slug":"booking","status":"publish","type":"page","link":"https:\/\/www.blarock.no\/en\/booking\/","title":{"rendered":"Booking"},"content":{"rendered":"<div data-elementor-type=\"wp-page\" data-elementor-id=\"1041\" class=\"elementor elementor-1041\" data-elementor-post-type=\"page\">\n\t\t\t\t\t\t\t\t\t<section class=\"elementor-section elementor-top-section elementor-element elementor-element-67e2115 elementor-section-boxed elementor-section-height-default elementor-section-height-default\" data-id=\"67e2115\" data-element_type=\"section\">\n\t\t\t\t\t\t<div class=\"elementor-container elementor-column-gap-default\">\n\t\t\t\t\t<div class=\"elementor-column elementor-col-50 elementor-top-column elementor-element elementor-element-908b9e8\" data-id=\"908b9e8\" data-element_type=\"column\">\n\t\t\t<div class=\"elementor-widget-wrap elementor-element-populated\">\n\t\t\t\t\t\t\t\t<div class=\"elementor-element elementor-element-beb31a4 elementor-widget elementor-widget-image\" data-id=\"beb31a4\" data-element_type=\"widget\" data-widget_type=\"image.default\">\n\t\t\t\t<div class=\"elementor-widget-container\">\n\t\t\t\t\t\t\t\t\t\t\t\t\t\t\t<img decoding=\"async\" width=\"551\" height=\"653\" src=\"https:\/\/www.blarock.no\/wp-content\/uploads\/2021\/01\/728159.jpg\" class=\"attachment-large size-large wp-image-863\" alt=\"\" srcset=\"https:\/\/www.blarock.no\/wp-content\/uploads\/2021\/01\/728159.jpg 551w, https:\/\/www.blarock.no\/wp-content\/uploads\/2021\/01\/728159-253x300.jpg 253w, https:\/\/www.blarock.no\/wp-content\/uploads\/2021\/01\/728159-169x200.jpg 169w\" sizes=\"(max-width: 551px) 100vw, 551px\" \/>\t\t\t\t\t\t\t\t\t\t\t\t\t\t\t<\/div>\n\t\t\t\t<\/div>\n\t\t\t\t\t<\/div>\n\t\t<\/div>\n\t\t\t\t<div class=\"elementor-column elementor-col-50 elementor-top-column elementor-element elementor-element-0fc6b3f\" data-id=\"0fc6b3f\" data-element_type=\"column\">\n\t\t\t<div class=\"elementor-widget-wrap elementor-element-populated\">\n\t\t\t\t\t\t\t\t<div class=\"elementor-element elementor-element-79904f6 elementor-widget elementor-widget-heading\" data-id=\"79904f6\" data-element_type=\"widget\" data-widget_type=\"heading.default\">\n\t\t\t\t<div class=\"elementor-widget-container\">\n\t\t\t<h3 class=\"elementor-heading-title elementor-size-default\">Bookinginformation<\/h3>\t\t<\/div>\n\t\t\t\t<\/div>\n\t\t\t\t<div class=\"elementor-element elementor-element-9c90751 elementor-widget elementor-widget-text-editor\" data-id=\"9c90751\" data-element_type=\"widget\" data-widget_type=\"text-editor.default\">\n\t\t\t\t<div class=\"elementor-widget-container\">\n\t\t\t\t\t\t\t<p>Til alle d\u00f8gnets tider vil du oppleve god musikk p\u00e5 anlegget i v\u00e5re fire etasjer: enten i form av h\u00e5ndplukket vellyd, platesnurrere i helgene eller i form av de mange konsertene som arrangeres i l\u00f8pet av \u00e5ret.<\/p><p>Her er noen av v\u00e5re faste samarbeid gjennom \u00e5ret:<\/p><p>Sammen med <a href=\"https:\/\/northcountryfair.no\/\">The North Country Fair<\/a> arrangeres det en rekke konserter gjennom \u00e5ret.<\/p><p>For booking, ta kontakt med bookingsjef Isak Harbitz via mail: <a href=\"mailto:booking@blarock.no\">booking@blarock.no<\/a><\/p>\t\t\t\t\t\t<\/div>\n\t\t\t\t<\/div>\n\t\t\t\t\t<\/div>\n\t\t<\/div>\n\t\t\t\t\t\t\t<\/div>\n\t\t<\/section>\n\t\t\t\t<section class=\"elementor-section elementor-top-section elementor-element elementor-element-bc2eedc elementor-section-boxed elementor-section-height-default elementor-section-height-default\" data-id=\"bc2eedc\" data-element_type=\"section\">\n\t\t\t\t\t\t<div class=\"elementor-container elementor-column-gap-default\">\n\t\t\t\t\t<div class=\"elementor-column elementor-col-100 elementor-top-column elementor-element elementor-element-3af5972\" data-id=\"3af5972\" data-element_type=\"column\">\n\t\t\t<div class=\"elementor-widget-wrap elementor-element-populated\">\n\t\t\t\t\t\t\t\t<div class=\"elementor-element elementor-element-e779f0c elementor-widget elementor-widget-spacer\" data-id=\"e779f0c\" data-element_type=\"widget\" data-widget_type=\"spacer.default\">\n\t\t\t\t<div class=\"elementor-widget-container\">\n\t\t\t\t\t<div class=\"elementor-spacer\">\n\t\t\t<div class=\"elementor-spacer-inner\"><\/div>\n\t\t<\/div>\n\t\t\t\t<\/div>\n\t\t\t\t<\/div>\n\t\t\t\t\t<\/div>\n\t\t<\/div>\n\t\t\t\t\t\t\t<\/div>\n\t\t<\/section>\n\t\t\t\t\t\t\t<\/div>","protected":false},"excerpt":{"rendered":"<p>Bookinginformasjon Til alle d\u00f8gnets tider vil du oppleve god musikk p\u00e5 anlegget i v\u00e5re fire etasjer: enten i form av h\u00e5ndplukket vellyd, platesnurrere i helgene eller i form av de mange konsertene som arrangeres i l\u00f8pet av \u00e5ret. Her er noen av v\u00e5re faste samarbeid gjennom \u00e5ret: Sammen med The North Country Fair arrangeres det [&hellip;]<\/p>","protected":false},"author":1,"featured_media":0,"parent":0,"menu_order":0,"comment_status":"closed","ping_status":"closed","template":"","meta":{"footnotes":""},"_links":{"self":[{"href":"https:\/\/www.blarock.no\/en\/wp-json\/wp\/v2\/pages\/1041"}],"collection":[{"href":"https:\/\/www.blarock.no\/en\/wp-json\/wp\/v2\/pages"}],"about":[{"href":"https:\/\/www.blarock.no\/en\/wp-json\/wp\/v2\/types\/page"}],"author":[{"embeddable":true,"href":"https:\/\/www.blarock.no\/en\/wp-json\/wp\/v2\/users\/1"}],"replies":[{"embeddable":true,"href":"https:\/\/www.blarock.no\/en\/wp-json\/wp\/v2\/comments?post=1041"}],"version-history":[{"count":58,"href":"https:\/\/www.blarock.no\/en\/wp-json\/wp\/v2\/pages\/1041\/revisions"}],"predecessor-version":[{"id":1454,"href":"https:\/\/www.blarock.no\/en\/wp-json\/wp\/v2\/pages\/1041\/revisions\/1454"}],"wp:attachment":[{"href":"https:\/\/www.blarock.no\/en\/wp-json\/wp\/v2\/media?parent=1041"}],"curies":[{"name":"wp","href":"https:\/\/api.w.org\/{rel}","templated":true}]}}